{"id":5370,"date":"2025-07-10T15:16:29","date_gmt":"2025-07-10T13:16:29","guid":{"rendered":"https:\/\/www.terminalpalace.it\/erklaerung-zur-zugaenglichkeit\/"},"modified":"2025-07-10T15:24:16","modified_gmt":"2025-07-10T13:24:16","slug":"erklaerung-zur-zugaenglichkeit","status":"publish","type":"page","link":"https:\/\/www.terminalpalace.it\/de\/erklaerung-zur-zugaenglichkeit\/","title":{"rendered":"Erkl\u00e4rung zur Zug\u00e4nglichkeit"},"content":{"rendered":"\t\t<div data-elementor-type=\"wp-page\" data-elementor-id=\"5370\" class=\"elementor elementor-5370 elementor-5355\" data-elementor-post-type=\"page\">\n\t\t\t\t<div class=\"elementor-element elementor-element-d0b02ae e-flex e-con-boxed e-con e-parent\" data-id=\"d0b02ae\" data-element_type=\"container\" data-e-type=\"container\">\n\t\t\t\t\t<div class=\"e-con-inner\">\n\t\t<div class=\"elementor-element elementor-element-d629457 e-con-full e-flex e-con e-child\" data-id=\"d629457\" data-element_type=\"container\" data-e-type=\"container\" data-settings=\"{&quot;background_background&quot;:&quot;classic&quot;}\">\n\t\t\t\t<div class=\"elementor-element elementor-element-ecd671d elementor-widget elementor-widget-heading\" data-id=\"ecd671d\" data-element_type=\"widget\" data-e-type=\"widget\" data-widget_type=\"heading.default\">\n\t\t\t\t<div class=\"elementor-widget-container\">\n\t\t\t\t\t<h1 class=\"elementor-heading-title elementor-size-default\">Erkl\u00e4rung zur Zug\u00e4nglichkeit<\/h1>\t\t\t\t<\/div>\n\t\t\t\t<\/div>\n\t\t<div class=\"elementor-element elementor-element-7b665c8 e-con-full e-flex e-con e-child\" data-id=\"7b665c8\" data-element_type=\"container\" data-e-type=\"container\">\n\t\t<div class=\"elementor-element elementor-element-114aa10 e-con-full e-flex e-con e-child\" data-id=\"114aa10\" data-element_type=\"container\" data-e-type=\"container\">\n\t\t\t\t<div class=\"elementor-element elementor-element-d099c97 elementor-widget elementor-widget-heading\" data-id=\"d099c97\" data-element_type=\"widget\" data-e-type=\"widget\" data-widget_type=\"heading.default\">\n\t\t\t\t<div class=\"elementor-widget-container\">\n\t\t\t\t\t<p class=\"elementor-heading-title elementor-size-default\">Terminal Palace &amp; Spa<\/p>\t\t\t\t<\/div>\n\t\t\t\t<\/div>\n\t\t\t\t<div class=\"elementor-element elementor-element-993adeb elementor-widget elementor-widget-heading\" data-id=\"993adeb\" data-element_type=\"widget\" data-e-type=\"widget\" data-widget_type=\"heading.default\">\n\t\t\t\t<div class=\"elementor-widget-container\">\n\t\t\t\t\t<p class=\"elementor-heading-title elementor-size-default\">Viale Regina Margherita, 100 47924 Miramare (RN), Italia<\/p>\t\t\t\t<\/div>\n\t\t\t\t<\/div>\n\t\t\t\t<div class=\"elementor-element elementor-element-a863b3c elementor-widget elementor-widget-heading\" data-id=\"a863b3c\" data-element_type=\"widget\" data-e-type=\"widget\" data-widget_type=\"heading.default\">\n\t\t\t\t<div class=\"elementor-widget-container\">\n\t\t\t\t\t<p class=\"elementor-heading-title elementor-size-default\"><a href=\"mailto:info@terminalpalace.it\">info@terminalpalace.it<\/a><\/p>\t\t\t\t<\/div>\n\t\t\t\t<\/div>\n\t\t\t\t<div class=\"elementor-element elementor-element-1b0ea85 elementor-widget elementor-widget-text-editor\" data-id=\"1b0ea85\" data-element_type=\"widget\" data-e-type=\"widget\" data-widget_type=\"text-editor.default\">\n\t\t\t\t<div class=\"elementor-widget-container\">\n\t\t\t\t\t\t\t\t\tTERMINAL PALACE S.R.L.<br>\r\nViale Regina Margherita, 100 47924 Miramare (RN), Italia<br>\r\nN. Iscr. Reg. Imprese: 03918560404 Rimini<br>\r\nP.IVA e CF: 03918560404<br>\r\nREA: RN 316533<br>\r\nPEC: terminalpalacesrl@postaleg.it<br>\r\nCIR:099014-AL-00915<br>\r\nCIN:IT099014A1LQOI92XZ\t\t\t\t\t\t\t\t<\/div>\n\t\t\t\t<\/div>\n\t\t\t\t<\/div>\n\t\t\t\t<div class=\"elementor-element elementor-element-645983a elementor-widget elementor-widget-heading\" data-id=\"645983a\" data-element_type=\"widget\" data-e-type=\"widget\" data-widget_type=\"heading.default\">\n\t\t\t\t<div class=\"elementor-widget-container\">\n\t\t\t\t\t<p class=\"elementor-heading-title elementor-size-default\">Die Website wurde am <strong>1 M\u00e4rz 2018<\/strong> ver\u00f6ffentlicht<\/p>\t\t\t\t<\/div>\n\t\t\t\t<\/div>\n\t\t\t\t<div class=\"elementor-element elementor-element-7e6e6a0 elementor-widget elementor-widget-heading\" data-id=\"7e6e6a0\" data-element_type=\"widget\" data-e-type=\"widget\" data-widget_type=\"heading.default\">\n\t\t\t\t<div class=\"elementor-widget-container\">\n\t\t\t\t\t<p class=\"elementor-heading-title elementor-size-default\">Die Website wurde am <strong>4 Juni 2025<\/strong> aktualisiert<\/p>\t\t\t\t<\/div>\n\t\t\t\t<\/div>\n\t\t\t\t<div class=\"elementor-element elementor-element-01f93c3 elementor-widget elementor-widget-spacer\" data-id=\"01f93c3\" data-element_type=\"widget\" data-e-type=\"widget\" data-widget_type=\"spacer.default\">\n\t\t\t\t<div class=\"elementor-widget-container\">\n\t\t\t\t\t\t\t<div class=\"elementor-spacer\">\n\t\t\t<div class=\"elementor-spacer-inner\"><\/div>\n\t\t<\/div>\n\t\t\t\t\t\t<\/div>\n\t\t\t\t<\/div>\n\t\t\t\t<div class=\"elementor-element elementor-element-eda0172 elementor-widget elementor-widget-heading\" data-id=\"eda0172\" data-element_type=\"widget\" data-e-type=\"widget\" data-widget_type=\"heading.default\">\n\t\t\t\t<div class=\"elementor-widget-container\">\n\t\t\t\t\t<p class=\"elementor-heading-title elementor-size-default\">Konformit\u00e4t<\/p>\t\t\t\t<\/div>\n\t\t\t\t<\/div>\n\t\t\t\t<div class=\"elementor-element elementor-element-b86e38a elementor-widget elementor-widget-text-editor\" data-id=\"b86e38a\" data-element_type=\"widget\" data-e-type=\"widget\" data-widget_type=\"text-editor.default\">\n\t\t\t\t<div class=\"elementor-widget-container\">\n\t\t\t\t\t\t\t\t\t<p>Diese Website ist teilweise konform mit den Anforderungen von Anhang A der Norm UNI CEI EN 301 549 (WCAG 2.1 Stufe AA).<\/p>\n\t\t\t\t\t\t\t\t<\/div>\n\t\t\t\t<\/div>\n\t\t\t\t<div class=\"elementor-element elementor-element-65ef086 elementor-widget elementor-widget-heading\" data-id=\"65ef086\" data-element_type=\"widget\" data-e-type=\"widget\" data-widget_type=\"heading.default\">\n\t\t\t\t<div class=\"elementor-widget-container\">\n\t\t\t\t\t<p class=\"elementor-heading-title elementor-size-default\">Nicht barrierefreie Inhalte<\/p>\t\t\t\t<\/div>\n\t\t\t\t<\/div>\n\t\t\t\t<div class=\"elementor-element elementor-element-28fa13e elementor-widget elementor-widget-text-editor\" data-id=\"28fa13e\" data-element_type=\"widget\" data-e-type=\"widget\" data-widget_type=\"text-editor.default\">\n\t\t\t\t<div class=\"elementor-widget-container\">\n\t\t\t\t\t\t\t\t\t<p>Die folgenden Inhalte sind aus den nachstehenden Gr\u00fcnden nicht barrierefrei: <\/p>\n<ul>\n<li>Bilder ohne oder mit unzureichendem Alternativtext<\/li>\n<li>Einige Elemente erf\u00fcllen nicht die Anforderungen an den Farbkontrast<\/li>\n<li>Fehlende semantische Tags schr\u00e4nken die Navigation mit Screenreadern teilweise ein<\/li>\n<li>Videos: fehlende Untertitel und Transkripte<\/li>\n<li>Sitemap im Footer nicht vorhanden<\/li>\n<li>Fokus ist nicht immer sichtbar<\/li>\n<li>Brotkr\u00fcmelnavigation nicht vorhanden<\/li>\n<li>PDF-Dateien sind nicht vollst\u00e4ndig barrierefrei<\/li>\n<\/ul>\n<p> Trotz der Bem\u00fchungen von <strong>Terminal Palace &amp; Spa<\/strong> kann es weitere nicht konforme Elemente geben, die in dieser Erkl\u00e4rung nicht aufgef\u00fchrt sind.<\/p>\n\t\t\t\t\t\t\t\t<\/div>\n\t\t\t\t<\/div>\n\t\t\t\t<div class=\"elementor-element elementor-element-db0afd2 elementor-widget elementor-widget-heading\" data-id=\"db0afd2\" data-element_type=\"widget\" data-e-type=\"widget\" data-widget_type=\"heading.default\">\n\t\t\t\t<div class=\"elementor-widget-container\">\n\t\t\t\t\t<div class=\"elementor-heading-title elementor-size-default\">Erkl\u00e4rung verfasst von<\/div>\t\t\t\t<\/div>\n\t\t\t\t<\/div>\n\t\t\t\t<div class=\"elementor-element elementor-element-4385876 elementor-widget elementor-widget-text-editor\" data-id=\"4385876\" data-element_type=\"widget\" data-e-type=\"widget\" data-widget_type=\"text-editor.default\">\n\t\t\t\t<div class=\"elementor-widget-container\">\n\t\t\t\t\t\t\t\t\t<p>Network Service Srl, basierend auf einer internen Bewertung vom 4 Juni 2025. Die Erkl\u00e4rung wurde auf Grundlage einer Bewertung gem\u00e4\u00df der Richtlinie (EU) 2016\/2102 erstellt, durch eine Selbsteinsch\u00e4tzung von Network Service Srl mit Unterst\u00fctzung automatisierter Tools.<\/p>\n\t\t\t\t\t\t\t\t<\/div>\n\t\t\t\t<\/div>\n\t\t\t\t<div class=\"elementor-element elementor-element-b1ef505 elementor-widget elementor-widget-heading\" data-id=\"b1ef505\" data-element_type=\"widget\" data-e-type=\"widget\" data-widget_type=\"heading.default\">\n\t\t\t\t<div class=\"elementor-widget-container\">\n\t\t\t\t\t<div class=\"elementor-heading-title elementor-size-default\">Meldung von Problemen<\/div>\t\t\t\t<\/div>\n\t\t\t\t<\/div>\n\t\t\t\t<div class=\"elementor-element elementor-element-92e2b8c elementor-widget elementor-widget-text-editor\" data-id=\"92e2b8c\" data-element_type=\"widget\" data-e-type=\"widget\" data-widget_type=\"text-editor.default\">\n\t\t\t\t<div class=\"elementor-widget-container\">\n\t\t\t\t\t\t\t\t\tSie k\u00f6nnen Barrierefreiheitsprobleme melden an: E-Mail: <span style=\"text-decoration: underline;\"><a href=\"mailto:accessibilita@network-service.it\">accessibilita@network-service.it<\/a><\/span> Wir antworten innerhalb von 30 Werktagen.\t\t\t\t\t\t\t\t<\/div>\n\t\t\t\t<\/div>\n\t\t\t\t<div class=\"elementor-element elementor-element-54f0d2e elementor-widget elementor-widget-heading\" data-id=\"54f0d2e\" data-element_type=\"widget\" data-e-type=\"widget\" data-widget_type=\"heading.default\">\n\t\t\t\t<div class=\"elementor-widget-container\">\n\t\t\t\t\t<div class=\"elementor-heading-title elementor-size-default\">Meldung an AgID<\/div>\t\t\t\t<\/div>\n\t\t\t\t<\/div>\n\t\t\t\t<div class=\"elementor-element elementor-element-b1e262e elementor-widget elementor-widget-text-editor\" data-id=\"b1e262e\" data-element_type=\"widget\" data-e-type=\"widget\" data-widget_type=\"text-editor.default\">\n\t\t\t\t<div class=\"elementor-widget-container\">\n\t\t\t\t\t\t\t\t\t<p>Wenn die Antwort nicht zufriedenstellend ist, k\u00f6nnen Sie eine Meldung an AgID senden: protocollo@pec.agid.gov.it.<\/p>\n\t\t\t\t\t\t\t\t<\/div>\n\t\t\t\t<\/div>\n\t\t\t\t<\/div>\n\t\t\t\t<\/div>\n\t\t\t\t\t<\/div>\n\t\t\t\t<\/div>\n\t\t\t\t<\/div>\n\t\t","protected":false},"excerpt":{"rendered":"<p>Erkl\u00e4rung zur Zug\u00e4nglichkeit Die Website wurde am ver\u00f6ffentlicht Die Website wurde am aktualisiert Konformit\u00e4t Diese Website ist teilweise konform mit den Anforderungen von Anhang A der Norm UNI CEI EN 301 549 (WCAG 2.1 Stufe AA). Nicht barrierefreie Inhalte Die folgenden Inhalte sind aus den nachstehenden Gr\u00fcnden nicht barrierefrei: Bilder ohne oder mit unzureichendem Alternativtext [&hellip;]<\/p>\n","protected":false},"author":2,"featured_media":0,"parent":0,"menu_order":0,"comment_status":"closed","ping_status":"closed","template":"elementor_canvas","meta":{"_acf_changed":false,"footnotes":""},"class_list":["post-5370","page","type-page","status-publish","hentry"],"acf":[],"_links":{"self":[{"href":"https:\/\/www.terminalpalace.it\/de\/wp-json\/wp\/v2\/pages\/5370","targetHints":{"allow":["GET"]}}],"collection":[{"href":"https:\/\/www.terminalpalace.it\/de\/wp-json\/wp\/v2\/pages"}],"about":[{"href":"https:\/\/www.terminalpalace.it\/de\/wp-json\/wp\/v2\/types\/page"}],"author":[{"embeddable":true,"href":"https:\/\/www.terminalpalace.it\/de\/wp-json\/wp\/v2\/users\/2"}],"replies":[{"embeddable":true,"href":"https:\/\/www.terminalpalace.it\/de\/wp-json\/wp\/v2\/comments?post=5370"}],"version-history":[{"count":1,"href":"https:\/\/www.terminalpalace.it\/de\/wp-json\/wp\/v2\/pages\/5370\/revisions"}],"predecessor-version":[{"id":5371,"href":"https:\/\/www.terminalpalace.it\/de\/wp-json\/wp\/v2\/pages\/5370\/revisions\/5371"}],"wp:attachment":[{"href":"https:\/\/www.terminalpalace.it\/de\/wp-json\/wp\/v2\/media?parent=5370"}],"curies":[{"name":"wp","href":"https:\/\/api.w.org\/{rel}","templated":true}]}}