{"id":1558,"date":"2023-12-01T15:01:11","date_gmt":"2023-12-01T14:01:11","guid":{"rendered":"http:\/\/www.terminalpalace.it\/privacy-policy\/"},"modified":"2023-12-01T15:15:09","modified_gmt":"2023-12-01T14:15:09","slug":"privacy-policy","status":"publish","type":"page","link":"https:\/\/www.terminalpalace.it\/de\/privacy-policy\/","title":{"rendered":"Privacy Policy"},"content":{"rendered":"\t\t<div data-elementor-type=\"wp-page\" data-elementor-id=\"1558\" class=\"elementor elementor-1558 elementor-1537\" data-elementor-post-type=\"page\">\n\t\t\t\t<div class=\"elementor-element elementor-element-2f623c3 e-flex e-con-boxed e-con e-parent\" data-id=\"2f623c3\" data-element_type=\"container\" data-e-type=\"container\">\n\t\t\t\t\t<div class=\"e-con-inner\">\n\t\t\t\t<div class=\"elementor-element elementor-element-633fe0b elementor-widget elementor-widget-heading\" data-id=\"633fe0b\" data-element_type=\"widget\" data-e-type=\"widget\" data-widget_type=\"heading.default\">\n\t\t\t\t<div class=\"elementor-widget-container\">\n\t\t\t\t\t<h1 class=\"elementor-heading-title elementor-size-default\">Privacy<\/h1>\t\t\t\t<\/div>\n\t\t\t\t<\/div>\n\t\t\t\t<div class=\"elementor-element elementor-element-163a459 elementor-widget elementor-widget-text-editor\" data-id=\"163a459\" data-element_type=\"widget\" data-e-type=\"widget\" data-widget_type=\"text-editor.default\">\n\t\t\t\t<div class=\"elementor-widget-container\">\n\t\t\t\t\t\t\t\t\t<p><strong>1. Titolare del trattamento<\/strong><\/p>\n<p>Il Titolare del trattamento dei dati raccolti tramite questo sito \u00e8\u00a0<strong>TERMINAL PALACE SRL<\/strong>, con sede legale in Rimini (RN), Viale Regina Margherita, 100, P. IVA 03918560404 \u00a0(nel proseguo anche il \u201cTitolare\u201d).<\/p>\n<p>&nbsp;<\/p>\n<p><strong>2. Finalit\u00e0 e base giuridica del trattamento<\/strong><\/p>\n<table border=\"1\" width=\"100%\" cellspacing=\"0\" cellpadding=\"0\">\n<tbody>\n<tr>\n<td>\n<p align=\"center\"><strong>FINALIT\u00c0<\/strong><\/p>\n<\/td>\n<td>\n<p align=\"center\"><strong>BASE GIURIDICA<\/strong><\/p>\n<\/td>\n<\/tr>\n<tr>\n<td>Raccolta di dati e informazioni in forma esclusivamente aggregata e anonima al fine di verificare il corretto funzionamento del sito. Nessuna di queste informazioni \u00e8 correlata alla persona fisica-Utente del sito, e non ne consentono in alcun modo l&#8217;identificazione.<\/td>\n<td><strong>Legittimo interesse<\/strong>\u00a0del Titolare (statistica e funzionamento del sito), non occorre consenso.<\/td>\n<\/tr>\n<tr>\n<td>Raccolta di dati e informazioni al fine di tutelare la sicurezza del sito (filtri antispam, firewall, rilevazione virus) e degli Utenti e per prevenire o smascherare frodi o abusi a danno del sito web. I dati sono registrati automaticamente e possono eventualmente comprendere anche dati personali (indirizzo IP) che potrebbero essere utilizzati, conformemente alle leggi vigenti in materia, al fine di bloccare tentativi di danneggiamento al sito medesimo o di recare danno ad altri utenti, o comunque attivit\u00e0 dannose o costituenti reato. Tali dati non sono utilizzati per l&#8217;identificazione o la profilazione dell&#8217;Utente e vengono cancellati periodicamente.<\/td>\n<td><strong>Legittimo interesse<\/strong>\u00a0del Titolare (sicurezza del sito), non occorre consenso.<\/td>\n<\/tr>\n<tr>\n<td>Raccolta di dati e informazione al fine di fornire il bene e\/o il servizio richiesto dall\u2019utente, gestire i contratti perfezionati dall\u2019utente, espletare i relativi adempimenti amministrativi, contabili, fiscali e legali, nonch\u00e9 evadere le richieste inoltrate dall&#8217;utente (es. prenotazioni). La raccolta di tali dati avviene principalmente mediante l\u2019utilizzo della piattaforma\u00a0<a href=\"https:\/\/www.simplebooking.travel\/it\" target=\"_blank\" rel=\"noopener\">www.simplebooking.travel\/it<\/a>, a cui l\u2019utente \u00e8 reindirizzato al momento di richiedere la prenotazione.<\/td>\n<td><strong>Adempimento di obblighi contrattuali e precontrattuali<\/strong>, non occorre consenso.<\/td>\n<\/tr>\n<tr>\n<td>Raccolta di dati al fine di inviare comunicazioni commerciali relative a promozioni e\/o offerte per le quali potrebbe aver diritto a beneficiare. I trattamenti posti in essere per queste finalit\u00e0 vengono effettuati con lo specifico consenso fornito dall\u2019utente (es. iscrizione alla\u00a0<em>newsletter<\/em>), fatta eccezione per le comunicazioni commerciali relative a prodotti e\/o servizi analoghi a quelli gi\u00e0 acquistati e\/o sottoscritti dall\u2019utente per le quali il trattamento si basa su un legittimo interesse del Titolare, con il diritto per l\u2019interessato di opporsi al trattamento (cd.\u00a0<em>Opt-out<\/em>).<\/td>\n<td><strong>Consenso dell\u2019interessato\u00a0<\/strong>o, nel caso di direct marketing,\u00a0<strong>legittimo interesse<\/strong>\u00a0<strong>del titolare<\/strong>\u00a0con diritto di opposizione.<\/td>\n<\/tr>\n<tr>\n<td>Raccolta di dati personali (es. nome, cognome, e-mail, ecc.) comunicati dall\u2019utente cliccando inviando una e-mail a \u00a0<a href=\"mailto:info@terminalpalace.it\">info@terminalpalace.it<\/a>\u00a0oppure compilando il modulo di richiesta informazioni. Tali dati sono trattati esclusivamente al fine di evadere le richieste dell\u2019utente.<\/td>\n<td><strong>Consenso dell\u2019interessato.\u00a0<\/strong>(manifestato mediante l\u2019invio diretto di e-mail)<\/td>\n<\/tr>\n<tr>\n<td>Raccolta di dati ai fini di analisi ed elaborazione di informazioni relative all&#8217;utente, alle sue preferenze, abitudini, scelte di consumo e\/o esperienze di navigazione. Tale attivit\u00e0 viene effettuata anche mediante l\u2019utilizzo di tecnologie quali i cookie (propri o di terze parti). La raccolta dei dati mediante utilizzo dei cookie avviene dietro consenso espresso tramite apposito banner, oppure mediante l\u2019uso o la consultazione del sito, quale comportamento concludente.<\/td>\n<td><strong>Consenso dell\u2019interessato<\/strong>.<\/td>\n<\/tr>\n<\/tbody>\n<\/table>\n<p>&nbsp;<\/p>\n<p>Con l&#8217;uso o la consultazione del sito i visitatori e gli utenti approvano la presente informativa privacy e acconsentono al trattamento dei loro dati personali in relazione alle modalit\u00e0 e alle finalit\u00e0 di seguito descritte, compreso l&#8217;eventuale diffusione a terzi se necessaria per l&#8217;erogazione di un servizio.<\/p>\n<p>Il conferimento dei dati e quindi il consenso alla raccolta e al trattamento dei dati \u00e8 facoltativo. L&#8217;Utente pu\u00f2 negare il consenso e pu\u00f2 revocare in qualsiasi momento un consenso gi\u00e0 fornito (tramite il banner presente sul sito o tramite le impostazioni del browser per i cookie). Tuttavia negare il consenso pu\u00f2 comportare l&#8217;impossibilit\u00e0 di erogare alcuni servizi e l&#8217;esperienza di navigazione nel sito sarebbe compromessa.<\/p>\n<p>&nbsp;<\/p>\n<p><strong>3. Modalit\u00e0 di trattamento dei dati personali<\/strong><\/p>\n<p>Il trattamento dei tuoi dati avviene mediante l\u2019utilizzo di strumenti e procedure idonee a garantirne la sicurezza e la riservatezza, e pu\u00f2 essere effettuato sia tramite il nostro sito web che attraverso altri strumenti elettronici, e talvolta anche con l&#8217;ausilio di supporti cartacei.<\/p>\n<p>&nbsp;<\/p>\n<p><strong>4. Periodo di conservazione dei dati<\/strong><\/p>\n<p>I dati raccolti dal sito durante il suo funzionamento sono conservati per il tempo strettamente necessario a svolgere le attivit\u00e0 precisate. Alla scadenza i dati saranno cancellati o anonimizzati, a meno che non sussistano ulteriori finalit\u00e0 per la conservazione degli stessi. I dati (indirizzo IP) utilizzati a fini di sicurezza del sito (blocco tentativi di danneggiare il sito) sono conservati per massimo 7 giorni.<\/p>\n<p>I dati personali raccolti con il modulo \u201ccontatti\u201d e \u201clavora con noi\u201d saranno conservati per il tempo strettamente necessario a dare seguito alle attivit\u00e0 per le quali sono stati e\/o fino alla revoca del consenso prestato.<\/p>\n<p>&nbsp;<\/p>\n<p><strong>5. Trasferimento di dati verso Paesi\/organizzazioni extra UE<\/strong><\/p>\n<p>Il presente sito potrebbe condividere alcuni dei dati raccolti con servizi localizzati al di fuori dell&#8217;area dell&#8217;Unione Europea (es. tramite il servizio di Google Analytics). Il trasferimento \u00e8 autorizzato in base a specifiche\u00a0decisioni dell&#8217;Unione Europea e del Garante per la tutela dei dati personali, in particolare la decisione 1250\/2016 (Privacy Shield).<\/p>\n<p>&nbsp;<\/p>\n<p><strong>6. Trasferimento dei dati raccolti a terze parti<\/strong><\/p>\n<p>I dati rilevati dal sito generalmente non vengono forniti a terzi, tranne che in casi specifici: legittima richiesta da parte dell\u2019Autorit\u00e0 Giudiziaria e nei soli casi previsti dalla legge; qualora sia necessario per la fornitura di uno specifico servizio richiesto dell&#8217;Utente; per l&#8217;esecuzione di controlli di sicurezza o di ottimizzazione del sito.<\/p>\n<p>&nbsp;<\/p>\n<p>&nbsp;<\/p>\n<p><strong>7. Misure di sicurezza<\/strong><\/p>\n<p>Trattiamo i dati dei visitatori\/utenti in maniera lecita e corretta, adottando le opportune misure di sicurezza volte ad impedire accessi non autorizzati, divulgazione, modifica o distruzione non autorizzata dei dati.<\/p>\n<p>Ci impegniamo a tutelare la sicurezza dei tuoi dati personali durante il loro invio, utilizzando il software Secure Sockets Layer (SSL), che cripta le informazioni in transito. Il trattamento viene effettuato mediante strumenti informatici e\/o telematici, con modalit\u00e0 organizzative e con logiche strettamente correlate alle finalit\u00e0 indicate.<\/p>\n<p>Oltre al Titolare, in alcuni casi, potrebbero avere accesso ai dati categorie di incaricati coinvolti nell\u2019organizzazione del sito ovvero soggetti esterni (come fornitori di servizi tecnici terzi, hosting provider).<\/p>\n<p>&nbsp;<\/p>\n<p><strong>8. Diritti dell&#8217;utente<\/strong><\/p>\n<p>Ai sensi dell\u2019art. 7 del Codice della Privacy e dell\u2019art. 13 GDPR ciascun utente ha diritto di ottenere la conferma dell\u2019esistenza o meno dei suoi dati personali, anche se non ancora registrati, e la loro comunicazione in forma intellegibile. In particolare, l\u2019interessato ha diritto di ottenere dal titolare del trattamento l\u2019indicazione:<\/p>\n<ul>\n<li>dell\u2019origine dei dati personali;<\/li>\n<li>della finalit\u00e0 e delle modalit\u00e0 di trattamento;<\/li>\n<li>della logica applicata in caso di trattamento effettuato con l\u2019ausilio di strumenti elettronici\/informatici;<\/li>\n<li>gli estremi identificativi del titolare, dei responsabili e del rappresentante designato;<\/li>\n<li>dei soggetti e delle categorie di soggetti ai quali i dati possono essere comunicati o che possono venirne a conoscenza in\u00a0 qualit\u00e0 di rappresentante designato nel territorio dello Stato, di responsabili o incaricati;<\/li>\n<\/ul>\n<p>&nbsp;<\/p>\n<p><strong>Inoltre,\u00a0<\/strong><strong>ai sensi dell\u2019artt. 15 e ss. GDPR, l\u2019interessato ha diritto di:<\/strong><\/p>\n<ul>\n<li>ottenere dal titolare del trattamento la conferma che sia o meno in corso un trattamento di dati personali che lo riguardano e in tal caso, di ottenere\u00a0<u>l\u2019accesso ai dati personali<\/u>\u00a0e alle seguenti informazioni: le finalit\u00e0 del trattamento; le categorie di dati personali in questione; i destinatari o le categorie di destinatari a cui i dati personali sono stati o saranno comunicati, in particolare se destinatari di paesi terzi o organizzazioni internazionali; quando possibile, il periodo di conservazione dei dati personali previsto oppure, se non \u00e8 possibile, i criteri utilizzati per determinare tale periodo; qualora i dati non siano raccolti presso l\u2019interessato, tutte le informazioni disponibili sulla loro origine; l\u2019esistenza di un processo decisionale automatizzato, compresa la profilazione, e, almeno in tali casi, informazioni significative sulla logica utilizzata, nonch\u00e9 l\u2019importanza e le conseguenze previste di tale trattamento per l\u2019interessato.<\/li>\n<li>ottenere dal titolare del trattamento\u00a0<u>la rettifica dei dati personali<\/u>\u00a0inesatti che lo riguardano senza ingiustificato<\/li>\n<\/ul>\n<p>ritardo. Tenuto conto delle finalit\u00e0 del trattamento, l\u2019interessato ha il diritto di ottenere l\u2019integrazione dei dati personali incompleti, anche fornendo una dichiarazione integrativa.<\/p>\n<ul>\n<li>ottenere dal titolare del trattamento\u00a0<u>la cancellazione dei dati personali<\/u>\u00a0che lo riguardano senza ingiustificato ritardo,<\/li>\n<\/ul>\n<p>se sussiste uno dei motivi seguenti: a) i dati personali non sono pi\u00f9 necessari rispetto alle finalit\u00e0 per le quali sono stati raccolti o altrimenti trattati; b) l\u2019interessato revoca il consenso su cui si basa il trattamento conformemente all\u2019articolo 6, paragrafo 1, lettera a), o all\u2019articolo 9, paragrafo 2, lettera a), e se non sussiste altro fondamento giuridico per il trattamento; c) l\u2019interessato si oppone al trattamento ai sensi dell\u2019articolo 21, paragrafo 1, e non sussiste alcun motivo legittimo prevalente per procedere al trattamento, oppure si oppone al trattamento ai sensi dell\u2019articolo 21, paragrafo 2; d) i dati personali sono stati trattati illecitamente; e) i dati personali devono essere cancellati per adempiere un obbligo legale previsto dal diritto dell\u2019Unione o dello Stato membro cui \u00e8 soggetto il titolare del trattamento; f) i dati personali sono stati raccolti relativamente all\u2019offerta di servizi della societ\u00e0 dell\u2019informazione di cui all\u2019articolo 8, paragrafo 1.<\/p>\n<ul>\n<li>ottenere dal titolare del trattamento\u00a0<u>la limitazione del trattamento<\/u>\u00a0quando ricorre una delle seguenti ipotesi: a)<\/li>\n<\/ul>\n<p>l\u2019interessato contesta l\u2019esattezza dei dati personali, per il periodo necessario al titolare del trattamento per verificare l\u2019esattezza di tali dati personali; b) il trattamento \u00e8 illecito e l\u2019interessato si oppone alla cancellazione dei dati personali e chiede invece che ne sia limitato l\u2019utilizzo; c) bench\u00e9 il titolare del trattamento non ne abbia pi\u00f9 bisogno ai fini del trattamento, i dati personali sono necessari all\u2019interessato per l\u2019accertamento, l\u2019esercizio o la difesa di un diritto in sede giudiziaria; d) l\u2019interessato si \u00e8 opposto al trattamento ai sensi dell\u2019articolo 21, paragrafo 1, in attesa della verifica in merito all\u2019eventuale prevalenza dei motivi legittimi del titolare del trattamento rispetto a quelli dell\u2019interessato.<\/p>\n<ul>\n<li><u>ricevere in un formato strutturato,<\/u>\u00a0di uso comune e leggibile da dispositivo automatico\u00a0<u>i dati personali\u00a0<\/u>che lo<\/li>\n<\/ul>\n<p>riguardano forniti a un titolare del trattamento e trasmettere tali dati a un altro titolare del trattamento senza impedimenti da parte del titolare del trattamento cui li ha forniti qualora: a) il trattamento si basi sul o su un contratto b) il trattamento sia effettuato con mezzi automatizzati. Nell\u2019esercitare i propri diritti relativamente alla portabilit\u00e0 dei dati l\u2019interessato ha il diritto di ottenere la trasmissione diretta dei dati personali da un titolare del trattamento all\u2019altro, se tecnicamente fattibile.<\/p>\n<ul>\n<li><u>opporsi i<\/u>n qualsiasi momento, per motivi connessi alla sua situazione particolare,\u00a0<u>al trattamento dei dati personali<\/u><\/li>\n<\/ul>\n<p><u>che lo riguardano<\/u>\u00a0ai sensi dell\u2019articolo 6, paragrafo 1, lettere e) o f), compresa la profilazione sulla base di tali disposizioni. Qualora i dati personali siano trattati per finalit\u00e0 di marketing diretto, l\u2019interessato ha il diritto di opporsi in qualsiasi momento al trattamento dei dati personali che lo riguardano effettuato per tali finalit\u00e0, compresa la profilazione nella misura in cui sia connessa a tale marketing diretto.<\/p>\n<ul>\n<li>diritto di\u00a0<u>non essere sottoposto a una decisione basata unicamente sul trattamento automatizzato<\/u>, compresa la<\/li>\n<\/ul>\n<p>profilazione, che produca effetti giuridici che lo riguardano o che incida in modo analogo significativamente sulla sua persona.<\/p>\n<ul>\n<li>diritto di\u00a0<u>proporre reclamo<\/u>\u00a0a un\u2019autorit\u00e0 di controllo<\/li>\n<\/ul>\n<p>&nbsp;<\/p>\n<p>Le richieste di cui ai punti precedenti dovranno essere inviate via e-mail all\u2019indirizzo del titolare del trattamento:\u00a0<a href=\"mailto:info@terminalpalace.it\">info@terminalpalace.it<\/a><\/p>\n<p>&nbsp;<\/p>\n<p><strong>9. Aggiornamenti<\/strong><\/p>\n<p>La presente privacy policy \u00e8 aggiornata alla data del 06\/09\/2018<\/p>\n\t\t\t\t\t\t\t\t<\/div>\n\t\t\t\t<\/div>\n\t\t\t\t\t<\/div>\n\t\t\t\t<\/div>\n\t\t\t\t<\/div>\n\t\t","protected":false},"excerpt":{"rendered":"<p>Privacy 1. Titolare del trattamento Il Titolare del trattamento dei dati raccolti tramite questo sito \u00e8\u00a0TERMINAL PALACE SRL, con sede legale in Rimini (RN), Viale Regina Margherita, 100, P. IVA 03918560404 \u00a0(nel proseguo anche il \u201cTitolare\u201d). &nbsp; 2. Finalit\u00e0 e base giuridica del trattamento FINALIT\u00c0 BASE GIURIDICA Raccolta di dati e informazioni in forma esclusivamente [&hellip;]<\/p>\n","protected":false},"author":2,"featured_media":0,"parent":0,"menu_order":0,"comment_status":"closed","ping_status":"closed","template":"","meta":{"_acf_changed":false,"footnotes":""},"class_list":["post-1558","page","type-page","status-publish","hentry"],"acf":[],"_links":{"self":[{"href":"https:\/\/www.terminalpalace.it\/de\/wp-json\/wp\/v2\/pages\/1558","targetHints":{"allow":["GET"]}}],"collection":[{"href":"https:\/\/www.terminalpalace.it\/de\/wp-json\/wp\/v2\/pages"}],"about":[{"href":"https:\/\/www.terminalpalace.it\/de\/wp-json\/wp\/v2\/types\/page"}],"author":[{"embeddable":true,"href":"https:\/\/www.terminalpalace.it\/de\/wp-json\/wp\/v2\/users\/2"}],"replies":[{"embeddable":true,"href":"https:\/\/www.terminalpalace.it\/de\/wp-json\/wp\/v2\/comments?post=1558"}],"version-history":[{"count":3,"href":"https:\/\/www.terminalpalace.it\/de\/wp-json\/wp\/v2\/pages\/1558\/revisions"}],"predecessor-version":[{"id":1561,"href":"https:\/\/www.terminalpalace.it\/de\/wp-json\/wp\/v2\/pages\/1558\/revisions\/1561"}],"wp:attachment":[{"href":"https:\/\/www.terminalpalace.it\/de\/wp-json\/wp\/v2\/media?parent=1558"}],"curies":[{"name":"wp","href":"https:\/\/api.w.org\/{rel}","templated":true}]}}