{"id":1511,"date":"2023-11-22T09:40:29","date_gmt":"2023-11-22T08:40:29","guid":{"rendered":"http:\/\/www.terminalpalace.it\/sonderangebote\/"},"modified":"2025-02-04T17:21:32","modified_gmt":"2025-02-04T16:21:32","slug":"sonderangebote","status":"publish","type":"page","link":"https:\/\/www.terminalpalace.it\/de\/sonderangebote\/","title":{"rendered":"Sonderangebote"},"content":{"rendered":"\t\t<div data-elementor-type=\"wp-page\" data-elementor-id=\"1511\" class=\"elementor elementor-1511 elementor-779\" data-elementor-post-type=\"page\">\n\t\t\t\t<div class=\"elementor-element elementor-element-5975164 e-con-full e-flex e-con e-parent\" data-id=\"5975164\" data-element_type=\"container\" data-e-type=\"container\">\n\t\t\t\t<div class=\"elementor-element elementor-element-f830868 slidertop elementor--h-position-center elementor--v-position-middle elementor-arrows-position-inside elementor-pagination-position-inside elementor-widget elementor-widget-slides\" data-id=\"f830868\" data-element_type=\"widget\" data-e-type=\"widget\" data-settings=\"{&quot;navigation&quot;:&quot;both&quot;,&quot;autoplay&quot;:&quot;yes&quot;,&quot;pause_on_hover&quot;:&quot;yes&quot;,&quot;pause_on_interaction&quot;:&quot;yes&quot;,&quot;autoplay_speed&quot;:5000,&quot;infinite&quot;:&quot;yes&quot;,&quot;transition&quot;:&quot;slide&quot;,&quot;transition_speed&quot;:500}\" data-widget_type=\"slides.default\">\n\t\t\t\t<div class=\"elementor-widget-container\">\n\t\t\t\t\t\t\t\t\t<div class=\"elementor-swiper\">\n\t\t\t\t\t<div class=\"elementor-slides-wrapper elementor-main-swiper swiper\" role=\"region\" aria-roledescription=\"carousel\" aria-label=\"Slides\" dir=\"ltr\" data-animation=\"fadeInUp\">\n\t\t\t\t<div class=\"swiper-wrapper elementor-slides\">\n\t\t\t\t\t\t\t\t\t\t<div class=\"elementor-repeater-item-fe228b3 swiper-slide\" role=\"group\" aria-roledescription=\"slide\"><div class=\"swiper-slide-bg elementor-ken-burns elementor-ken-burns--in\" role=\"img\"><\/div><div class=\"swiper-slide-inner\" ><div class=\"swiper-slide-contents\"><\/div><\/div><\/div>\t\t\t\t<\/div>\n\t\t\t\t\t\t\t<\/div>\n\t\t\t\t<\/div>\n\t\t\t\t\t\t\t\t<\/div>\n\t\t\t\t<\/div>\n\t\t\t\t<\/div>\n\t\t<div class=\"elementor-element elementor-element-86abe54 nooffers e-flex e-con-boxed e-con e-parent\" data-id=\"86abe54\" data-element_type=\"container\" data-e-type=\"container\">\n\t\t\t\t\t<div class=\"e-con-inner\">\n\t\t\t\t<div class=\"elementor-element elementor-element-c08c511 elementor-widget elementor-widget-heading\" data-id=\"c08c511\" data-element_type=\"widget\" data-e-type=\"widget\" data-widget_type=\"heading.default\">\n\t\t\t\t<div class=\"elementor-widget-container\">\n\t\t\t\t\t<h1 class=\"elementor-heading-title elementor-size-default\">Momentan sind keine Angebote verf\u00fcgbar!<\/h1>\t\t\t\t<\/div>\n\t\t\t\t<\/div>\n\t\t\t\t<div class=\"elementor-element elementor-element-c25ecf0 elementor-widget elementor-widget-heading\" data-id=\"c25ecf0\" data-element_type=\"widget\" data-e-type=\"widget\" data-widget_type=\"heading.default\">\n\t\t\t\t<div class=\"elementor-widget-container\">\n\t\t\t\t\t<h2 class=\"elementor-heading-title elementor-size-default\">Kontaktiere uns direkt, um Promotionen und Angebote f\u00fcr dich zu entdecken.<\/h2>\t\t\t\t<\/div>\n\t\t\t\t<\/div>\n\t\t\t\t<div class=\"elementor-element elementor-element-6d100e3 elementor-align-center elementor-widget elementor-widget-button\" data-id=\"6d100e3\" data-element_type=\"widget\" data-e-type=\"widget\" data-widget_type=\"button.default\">\n\t\t\t\t<div class=\"elementor-widget-container\">\n\t\t\t\t\t\t\t\t\t<div class=\"elementor-button-wrapper\">\n\t\t\t\t\t<a class=\"elementor-button elementor-button-link elementor-size-sm\" href=\"https:\/\/www.terminalpalace.it\/richiesta-informazioni\/\">\n\t\t\t\t\t\t<span class=\"elementor-button-content-wrapper\">\n\t\t\t\t\t\t<span class=\"elementor-button-icon\">\n\t\t\t\t<i aria-hidden=\"true\" class=\"far fa-envelope\"><\/i>\t\t\t<\/span>\n\t\t\t\t\t\t\t\t\t<span class=\"elementor-button-text\">Informationen anfordern<\/span>\n\t\t\t\t\t<\/span>\n\t\t\t\t\t<\/a>\n\t\t\t\t<\/div>\n\t\t\t\t\t\t\t\t<\/div>\n\t\t\t\t<\/div>\n\t\t\t\t\t<\/div>\n\t\t\t\t<\/div>\n\t\t<div class=\"elementor-element elementor-element-06d6df3 FASCIAOLM e-flex e-con-boxed e-con e-parent\" data-id=\"06d6df3\" data-element_type=\"container\" data-e-type=\"container\">\n\t\t\t\t\t<div class=\"e-con-inner\">\n\t\t\t\t<div class=\"elementor-element elementor-element-be72f31 elementor-widget elementor-widget-heading\" data-id=\"be72f31\" data-element_type=\"widget\" data-e-type=\"widget\" data-widget_type=\"heading.default\">\n\t\t\t\t<div class=\"elementor-widget-container\">\n\t\t\t\t\t<h1 class=\"elementor-heading-title elementor-size-default\">Sonderangebote<\/h1>\t\t\t\t<\/div>\n\t\t\t\t<\/div>\n\t\t\t\t<div class=\"elementor-element elementor-element-845d327 elementor-widget elementor-widget-heading\" data-id=\"845d327\" data-element_type=\"widget\" data-e-type=\"widget\" data-widget_type=\"heading.default\">\n\t\t\t\t<div class=\"elementor-widget-container\">\n\t\t\t\t\t<h2 class=\"elementor-heading-title elementor-size-default\">Die speziellen Angebote f\u00fcr Ihren Urlaub<\/h2>\t\t\t\t<\/div>\n\t\t\t\t<\/div>\n\t\t\t\t\t<\/div>\n\t\t\t\t<\/div>\n\t\t<div class=\"elementor-element elementor-element-e1db621 FASCIAOLM e-flex e-con-boxed e-con e-parent\" data-id=\"e1db621\" data-element_type=\"container\" data-e-type=\"container\">\n\t\t\t\t\t<div class=\"e-con-inner\">\n\t\t\t\t<div class=\"elementor-element elementor-element-97e6728 elementor-grid-3 elementor-grid-tablet-2 elementor-grid-mobile-1 elementor-widget elementor-widget-loop-grid\" data-id=\"97e6728\" data-element_type=\"widget\" data-e-type=\"widget\" data-settings=\"{&quot;template_id&quot;:1370,&quot;alternate_template&quot;:&quot;yes&quot;,&quot;row_gap&quot;:{&quot;unit&quot;:&quot;px&quot;,&quot;size&quot;:5,&quot;sizes&quot;:[]},&quot;_skin&quot;:&quot;post&quot;,&quot;columns&quot;:&quot;3&quot;,&quot;columns_tablet&quot;:&quot;2&quot;,&quot;columns_mobile&quot;:&quot;1&quot;,&quot;edit_handle_selector&quot;:&quot;[data-elementor-type=\\&quot;loop-item\\&quot;]&quot;,&quot;row_gap_laptop&quot;:{&quot;unit&quot;:&quot;px&quot;,&quot;size&quot;:&quot;&quot;,&quot;sizes&quot;:[]},&quot;row_gap_tablet&quot;:{&quot;unit&quot;:&quot;px&quot;,&quot;size&quot;:&quot;&quot;,&quot;sizes&quot;:[]},&quot;row_gap_mobile&quot;:{&quot;unit&quot;:&quot;px&quot;,&quot;size&quot;:&quot;&quot;,&quot;sizes&quot;:[]}}\" data-widget_type=\"loop-grid.post\">\n\t\t\t\t<div class=\"elementor-widget-container\">\n\t\t\t\t\t\t\t<div class=\"elementor-loop-container elementor-grid\">\n\t\t<style id=\"loop-dynamic-1370\">.e-loop-item-1600 .elementor-element.elementor-element-4c332897:not(.elementor-motion-effects-element-type-background), .e-loop-item-1600 .elementor-element.elementor-element-4c332897 > .elementor-motion-effects-container > .elementor-motion-effects-layer{background-image:url(\"https:\/\/www.terminalpalace.it\/wp-content\/uploads\/2024\/02\/15047778089f6cacbf7419ee3d32a959d5a4e86a68.jpeg\");}<\/style><style id=\"loop-1370\">.elementor-1370 .elementor-element.elementor-element-4c332897{--display:flex;--min-height:450px;--flex-direction:row;--container-widget-width:calc( ( 1 - var( --container-widget-flex-grow ) ) * 100% );--container-widget-height:100%;--container-widget-flex-grow:1;--container-widget-align-self:stretch;--flex-wrap-mobile:wrap;--justify-content:center;--align-items:center;--gap:10px 10px;--row-gap:10px;--column-gap:10px;--overflow:hidden;--background-transition:1.1s;--border-radius:10px 10px 10px 10px;--margin-top:0px;--margin-bottom:0px;--margin-left:0px;--margin-right:0px;--padding-top:0px;--padding-bottom:0px;--padding-left:0px;--padding-right:0px;}.elementor-1370 .elementor-element.elementor-element-4c332897:not(.elementor-motion-effects-element-type-background), .elementor-1370 .elementor-element.elementor-element-4c332897 > .elementor-motion-effects-container > .elementor-motion-effects-layer{background-position:center center;background-size:cover;}.elementor-1370 .elementor-element.elementor-element-78e00fcf{--display:flex;--justify-content:center;--gap:3px 3px;--row-gap:3px;--column-gap:3px;--overlay-opacity:0.5;--border-radius:10px 10px 10px 10px;--margin-top:50px;--margin-bottom:50px;--margin-left:50px;--margin-right:50px;--padding-top:20px;--padding-bottom:20px;--padding-left:20px;--padding-right:20px;}.elementor-1370 .elementor-element.elementor-element-78e00fcf:not(.elementor-motion-effects-element-type-background), .elementor-1370 .elementor-element.elementor-element-78e00fcf > .elementor-motion-effects-container > .elementor-motion-effects-layer{background-color:#6E21316E;}.elementor-1370 .elementor-element.elementor-element-78e00fcf::before, .elementor-1370 .elementor-element.elementor-element-78e00fcf > .elementor-background-video-container::before, .elementor-1370 .elementor-element.elementor-element-78e00fcf > .e-con-inner > .elementor-background-video-container::before, .elementor-1370 .elementor-element.elementor-element-78e00fcf > .elementor-background-slideshow::before, .elementor-1370 .elementor-element.elementor-element-78e00fcf > .e-con-inner > .elementor-background-slideshow::before, .elementor-1370 .elementor-element.elementor-element-78e00fcf > .elementor-motion-effects-container > .elementor-motion-effects-layer::before{--background-overlay:'';background-color:#000000;}.elementor-1370 .elementor-element.elementor-element-2962d820{--display:flex;--flex-direction:row;--container-widget-width:calc( ( 1 - var( --container-widget-flex-grow ) ) * 100% );--container-widget-height:100%;--container-widget-flex-grow:1;--container-widget-align-self:stretch;--flex-wrap-mobile:wrap;--justify-content:flex-end;--align-items:center;--gap:10px 10px;--row-gap:10px;--column-gap:10px;}.elementor-1370 .elementor-element.elementor-element-39cf2f78{text-align:center;font-size:14px;font-weight:700;}.elementor-1370 .elementor-element.elementor-element-b2b9a1a .elementor-drop-cap{margin-inline-end:10px;}.elementor-1370 .elementor-element.elementor-element-72fc4c0f .elementor-drop-cap{margin-inline-end:10px;}.elementor-1370 .elementor-element.elementor-element-5a4919b .elementor-drop-cap{margin-inline-end:10px;}.elementor-1370 .elementor-element.elementor-element-5f573c2a .elementor-drop-cap{margin-inline-end:10px;}.elementor-1370 .elementor-element.elementor-element-d94fd04{text-align:end;}.elementor-1370 .elementor-element.elementor-element-d94fd04 .elementor-heading-title{font-size:25px;letter-spacing:0px;color:var( --e-global-color-64a0021 );}.elementor-1370 .elementor-element.elementor-element-616689db{text-align:end;}.elementor-1370 .elementor-element.elementor-element-616689db .elementor-heading-title{font-size:14px;font-weight:400;line-height:1.1em;letter-spacing:0.1px;color:var( --e-global-color-64a0021 );}.elementor-1370 .elementor-element.elementor-element-616689db > .elementor-widget-container{margin:0px 0px 0px 0px;}.elementor-1370 .elementor-element.elementor-element-a67124b{text-align:end;font-family:\"Montserrat\", Sans-serif;font-size:12px;font-weight:300;color:var( --e-global-color-64a0021 );width:auto;max-width:auto;}.elementor-1370 .elementor-element.elementor-element-a67124b > .elementor-widget-container{margin:10px 10px 10px 10px;padding:0px 0px 0px 0px;}.elementor-1370 .elementor-element.elementor-element-27c1cd6{--spacer-size:4px;}.elementor-1370 .elementor-element.elementor-element-24451e3a .elementor-button{font-size:14px;font-weight:700;letter-spacing:0px;padding:12px 20px 12px 20px;}@media(max-width:1366px){.elementor-1370 .elementor-element.elementor-element-78e00fcf{--margin-top:40px;--margin-bottom:40px;--margin-left:40px;--margin-right:40px;}}@media(max-width:1024px){.elementor-1370 .elementor-element.elementor-element-4c332897{--min-height:450px;}.elementor-1370 .elementor-element.elementor-element-78e00fcf{--margin-top:30px;--margin-bottom:30px;--margin-left:30px;--margin-right:30px;}.elementor-1370 .elementor-element.elementor-element-a67124b > .elementor-widget-container{margin:10px 0px 10px 0px;}}@media(max-width:767px){.elementor-1370 .elementor-element.elementor-element-4c332897{--min-height:400px;--margin-top:0px;--margin-bottom:0px;--margin-left:0px;--margin-right:0px;}.elementor-1370 .elementor-element.elementor-element-78e00fcf{--width:100%;--min-height:0px;--align-items:center;--container-widget-width:calc( ( 1 - var( --container-widget-flex-grow ) ) * 100% );--margin-top:30px;--margin-bottom:30px;--margin-left:30px;--margin-right:30px;--padding-top:20px;--padding-bottom:20px;--padding-left:20px;--padding-right:20px;}.elementor-1370 .elementor-element.elementor-element-d94fd04{text-align:center;}.elementor-1370 .elementor-element.elementor-element-616689db{text-align:center;}.elementor-1370 .elementor-element.elementor-element-a67124b{text-align:center;}.elementor-1370 .elementor-element.elementor-element-a67124b > .elementor-widget-container{margin:10px 0px 10px 0px;}}@media(min-width:768px){.elementor-1370 .elementor-element.elementor-element-4c332897{--width:100%;}.elementor-1370 .elementor-element.elementor-element-78e00fcf{--width:70%;}}\/* Start custom CSS for text-editor, class: .elementor-element-39cf2f78 *\/.elementor-1370 .elementor-element.elementor-element-39cf2f78{\n    display:none;\n}\/* End custom CSS *\/\n\/* Start custom CSS for container, class: .elementor-element-2962d820 *\/.elementor-1370 .elementor-element.elementor-element-2962d820{\n    display:none;\n}\/* End custom CSS *\/\n\/* Start custom CSS for text-editor, class: .elementor-element-a67124b *\/.elementor-1370 .elementor-element.elementor-element-a67124b{\n    line-height: 1;\n    z-index: 10;\n}\n.linea2{\n    font-size:150%;\n    line-height: 1;\n    font-weight: 600;\n}\n.linea4{\n    font-size:14px;\ntext-decoration: line-through;\n}\/* End custom CSS *\/\n\/* Start custom CSS for container, class: .elementor-element-78e00fcf *\/.elementor-1370 .elementor-element.elementor-element-78e00fcf{\n            -webkit-backdrop-filter: blur(3px);\n    backdrop-filter: blur(3px);\n}\/* End custom CSS *\/\n\/* Start custom CSS for container, class: .elementor-element-4c332897 *\/.elementor-1370 .elementor-element.elementor-element-4c332897{\n    box-sizing: border-box!important;\n\n}\n.elementor-1370 .elementor-element.elementor-element-4c332897:hover{\n    box-shadow:0 0 10px #000;\n    z-index:2;\n}\/* End custom CSS *\/<\/style>\t\t<div data-elementor-type=\"loop-item\" data-elementor-id=\"1370\" class=\"elementor elementor-1370 elementor-155 elementor-repeater-item-0afb88c e-loop-item e-loop-item-1600 post-1600 offerte-speciali type-offerte-speciali status-publish format-standard has-post-thumbnail hentry\" data-elementor-post-type=\"elementor_library\" data-custom-edit-handle=\"1\">\n\t\t\t<div class=\"elementor-element elementor-element-4c332897 scheda-offerta e-con-full e-flex e-con e-parent\" data-id=\"4c332897\" data-element_type=\"container\" data-e-type=\"container\" data-settings=\"{&quot;background_background&quot;:&quot;classic&quot;}\">\n\t\t<div class=\"elementor-element elementor-element-78e00fcf e-con-full e-flex e-con e-child\" data-id=\"78e00fcf\" data-element_type=\"container\" data-e-type=\"container\" data-settings=\"{&quot;background_background&quot;:&quot;classic&quot;,&quot;animation&quot;:&quot;none&quot;}\">\n\t\t<div class=\"elementor-element elementor-element-2962d820 e-con-full e-flex e-con e-child\" data-id=\"2962d820\" data-element_type=\"container\" data-e-type=\"container\">\n\t\t\t\t<div class=\"elementor-element elementor-element-39cf2f78 rvautore elementor-widget elementor-widget-text-editor\" data-id=\"39cf2f78\" data-element_type=\"widget\" data-e-type=\"widget\" data-widget_type=\"text-editor.default\">\n\t\t\t\t<div class=\"elementor-widget-container\">\n\t\t\t\t\t\t\t\t\t<span class=\"datainizio\">01\/02\/2024<\/span>\r\n&#8211; <span class=\"datafine\">31\/05\/2026<\/span>\t\t\t\t\t\t\t\t<\/div>\n\t\t\t\t<\/div>\n\t\t\t\t<div class=\"elementor-element elementor-element-5a4919b elementor-drop-cap-yes autore elementor-drop-cap-view-default elementor-widget elementor-widget-text-editor\" data-id=\"5a4919b\" data-element_type=\"widget\" data-e-type=\"widget\" data-settings=\"{&quot;drop_cap&quot;:&quot;yes&quot;}\" data-widget_type=\"text-editor.default\">\n\t\t\t\t<div class=\"elementor-widget-container\">\n\t\t\t\t\t\t\t\t\tNetwork Service\t\t\t\t\t\t\t\t<\/div>\n\t\t\t\t<\/div>\n\t\t\t\t<div class=\"elementor-element elementor-element-5f573c2a elementor-drop-cap-yes datainserimento elementor-drop-cap-view-default elementor-widget elementor-widget-text-editor\" data-id=\"5f573c2a\" data-element_type=\"widget\" data-e-type=\"widget\" data-settings=\"{&quot;drop_cap&quot;:&quot;yes&quot;}\" data-widget_type=\"text-editor.default\">\n\t\t\t\t<div class=\"elementor-widget-container\">\n\t\t\t\t\t\t\t\t\t01\/02\/2024\t\t\t\t\t\t\t\t<\/div>\n\t\t\t\t<\/div>\n\t\t\t\t<\/div>\n\t\t\t\t<div class=\"elementor-element elementor-element-d94fd04 elementor-widget elementor-widget-heading\" data-id=\"d94fd04\" data-element_type=\"widget\" data-e-type=\"widget\" data-widget_type=\"heading.default\">\n\t\t\t\t<div class=\"elementor-widget-container\">\n\t\t\t\t\t<h3 class=\"elementor-heading-title elementor-size-default\">Romantischer Aufenthalt Rimini<\/h3>\t\t\t\t<\/div>\n\t\t\t\t<\/div>\n\t\t\t\t<div class=\"elementor-element elementor-element-616689db elementor-widget elementor-widget-heading\" data-id=\"616689db\" data-element_type=\"widget\" data-e-type=\"widget\" data-widget_type=\"heading.default\">\n\t\t\t\t<div class=\"elementor-widget-container\">\n\t\t\t\t\t<div class=\"elementor-heading-title elementor-size-default\">Ihr Traum von Liebe in einem Hotel mit SPA und beheiztem Pool<\/div>\t\t\t\t<\/div>\n\t\t\t\t<\/div>\n\t\t\t\t<div class=\"elementor-element elementor-element-a67124b elementor-widget__width-auto dc-has-condition dc-condition-empty elementor-widget elementor-widget-text-editor\" data-id=\"a67124b\" data-element_type=\"widget\" data-e-type=\"widget\" data-widget_type=\"text-editor.default\">\n\t\t\t\t<div class=\"elementor-widget-container\">\n\t\t\t\t\t\t\t\t\t<div class=\"linea1\">Ausgehend von<\/div>\n<div class=\"linea2\">180,00 \u20ac<\/div>\n<div class=\"linea3\">pro Paket <\/div>\n<div class=\"linea4\"><\/div>\n\t\t\t\t\t\t\t\t<\/div>\n\t\t\t\t<\/div>\n\t\t\t\t<div class=\"elementor-element elementor-element-27c1cd6 elementor-widget elementor-widget-spacer\" data-id=\"27c1cd6\" data-element_type=\"widget\" data-e-type=\"widget\" data-widget_type=\"spacer.default\">\n\t\t\t\t<div class=\"elementor-widget-container\">\n\t\t\t\t\t\t\t<div class=\"elementor-spacer\">\n\t\t\t<div class=\"elementor-spacer-inner\"><\/div>\n\t\t<\/div>\n\t\t\t\t\t\t<\/div>\n\t\t\t\t<\/div>\n\t\t\t\t<div data-tp-sc-link=\"https:\/\/www.terminalpalace.it\/de\/offerte-speciali\/romantischer-aufenthalt-fur-paare-in-rimini\/\" data-tp-sc-link-external=\"\" style=\"cursor: pointer\" class=\"elementor-element elementor-element-24451e3a elementor-align-right elementor-mobile-align-center elementor-widget elementor-widget-button\" data-id=\"24451e3a\" data-element_type=\"widget\" data-e-type=\"widget\" data-widget_type=\"button.default\">\n\t\t\t\t<div class=\"elementor-widget-container\">\n\t\t\t\t\t\t\t\t\t<div class=\"elementor-button-wrapper\">\n\t\t\t\t\t<a class=\"elementor-button elementor-button-link elementor-size-sm\" href=\"https:\/\/www.terminalpalace.it\/de\/offerte-speciali\/romantischer-aufenthalt-fur-paare-in-rimini\/\">\n\t\t\t\t\t\t<span class=\"elementor-button-content-wrapper\">\n\t\t\t\t\t\t\t\t\t<span class=\"elementor-button-text\">Jetzt entdecken<\/span>\n\t\t\t\t\t<\/span>\n\t\t\t\t\t<\/a>\n\t\t\t\t<\/div>\n\t\t\t\t\t\t\t\t<\/div>\n\t\t\t\t<\/div>\n\t\t\t\t<\/div>\n\t\t\t\t<\/div>\n\t\t\t\t<\/div>\n\t\t\t\t<\/div>\n\t\t\n\t\t\t\t\t\t<\/div>\n\t\t\t\t<\/div>\n\t\t\t\t\t<\/div>\n\t\t\t\t<\/div>\n\t\t\t\t<\/div>\n\t\t","protected":false},"excerpt":{"rendered":"<p>Momentan sind keine Angebote verf\u00fcgbar! Kontaktiere uns direkt, um Promotionen und Angebote f\u00fcr dich zu entdecken. Sonderangebote Die speziellen Angebote f\u00fcr Ihren Urlaub<\/p>\n","protected":false},"author":2,"featured_media":0,"parent":0,"menu_order":0,"comment_status":"closed","ping_status":"closed","template":"","meta":{"_acf_changed":false,"footnotes":""},"class_list":["post-1511","page","type-page","status-publish","hentry"],"acf":[],"_links":{"self":[{"href":"https:\/\/www.terminalpalace.it\/de\/wp-json\/wp\/v2\/pages\/1511","targetHints":{"allow":["GET"]}}],"collection":[{"href":"https:\/\/www.terminalpalace.it\/de\/wp-json\/wp\/v2\/pages"}],"about":[{"href":"https:\/\/www.terminalpalace.it\/de\/wp-json\/wp\/v2\/types\/page"}],"author":[{"embeddable":true,"href":"https:\/\/www.terminalpalace.it\/de\/wp-json\/wp\/v2\/users\/2"}],"replies":[{"embeddable":true,"href":"https:\/\/www.terminalpalace.it\/de\/wp-json\/wp\/v2\/comments?post=1511"}],"version-history":[{"count":2,"href":"https:\/\/www.terminalpalace.it\/de\/wp-json\/wp\/v2\/pages\/1511\/revisions"}],"predecessor-version":[{"id":4899,"href":"https:\/\/www.terminalpalace.it\/de\/wp-json\/wp\/v2\/pages\/1511\/revisions\/4899"}],"wp:attachment":[{"href":"https:\/\/www.terminalpalace.it\/de\/wp-json\/wp\/v2\/media?parent=1511"}],"curies":[{"name":"wp","href":"https:\/\/api.w.org\/{rel}","templated":true}]}}