{"id":1491,"date":"2023-11-22T09:42:18","date_gmt":"2023-11-22T08:42:18","guid":{"rendered":"http:\/\/www.terminalpalace.it\/aesthetik\/"},"modified":"2026-01-07T10:54:11","modified_gmt":"2026-01-07T09:54:11","slug":"aesthetik","status":"publish","type":"page","link":"https:\/\/www.terminalpalace.it\/de\/aesthetik\/","title":{"rendered":"\u00c4sthetik"},"content":{"rendered":"\t\t<div data-elementor-type=\"wp-page\" data-elementor-id=\"1491\" class=\"elementor elementor-1491 elementor-795\" data-elementor-post-type=\"page\">\n\t\t\t\t<div class=\"elementor-element elementor-element-58f8e87 e-con-full e-flex e-con e-parent\" data-id=\"58f8e87\" data-element_type=\"container\" data-e-type=\"container\">\n\t\t\t\t<div class=\"elementor-element elementor-element-84806ed slidertop elementor--h-position-center elementor--v-position-middle elementor-arrows-position-inside elementor-widget elementor-widget-slides\" data-id=\"84806ed\" data-element_type=\"widget\" data-e-type=\"widget\" data-settings=\"{&quot;navigation&quot;:&quot;arrows&quot;,&quot;autoplay&quot;:&quot;yes&quot;,&quot;pause_on_hover&quot;:&quot;yes&quot;,&quot;pause_on_interaction&quot;:&quot;yes&quot;,&quot;autoplay_speed&quot;:5000,&quot;infinite&quot;:&quot;yes&quot;,&quot;transition&quot;:&quot;slide&quot;,&quot;transition_speed&quot;:500}\" data-widget_type=\"slides.default\">\n\t\t\t\t<div class=\"elementor-widget-container\">\n\t\t\t\t\t\t\t\t\t<div class=\"elementor-swiper\">\n\t\t\t\t\t<div class=\"elementor-slides-wrapper elementor-main-swiper swiper\" role=\"region\" aria-roledescription=\"carousel\" aria-label=\"Slides\" dir=\"ltr\" data-animation=\"fadeInUp\">\n\t\t\t\t<div class=\"swiper-wrapper elementor-slides\">\n\t\t\t\t\t\t\t\t\t\t<div class=\"elementor-repeater-item-fe228b3 swiper-slide\" role=\"group\" aria-roledescription=\"slide\"><div class=\"swiper-slide-bg elementor-ken-burns elementor-ken-burns--in\" role=\"img\"><\/div><div class=\"swiper-slide-inner\" ><div class=\"swiper-slide-contents\"><\/div><\/div><\/div>\t\t\t\t<\/div>\n\t\t\t\t\t\t\t<\/div>\n\t\t\t\t<\/div>\n\t\t\t\t\t\t\t\t<\/div>\n\t\t\t\t<\/div>\n\t\t\t\t<\/div>\n\t\t<div class=\"elementor-element elementor-element-83580ba e-con-full e-flex e-con e-parent\" data-id=\"83580ba\" data-element_type=\"container\" data-e-type=\"container\">\n\t\t<div class=\"elementor-element elementor-element-d011118 e-con-full e-flex e-con e-child\" data-id=\"d011118\" data-element_type=\"container\" data-e-type=\"container\">\n\t\t\t\t<div class=\"elementor-element elementor-element-f39b4b4 elementor-widget elementor-widget-heading\" data-id=\"f39b4b4\" data-element_type=\"widget\" data-e-type=\"widget\" data-widget_type=\"heading.default\">\n\t\t\t\t<div class=\"elementor-widget-container\">\n\t\t\t\t\t<h1 class=\"elementor-heading-title elementor-size-default\">\u00c4sthetik<\/h1>\t\t\t\t<\/div>\n\t\t\t\t<\/div>\n\t\t\t\t<div class=\"elementor-element elementor-element-3256e65 elementor-widget elementor-widget-heading\" data-id=\"3256e65\" data-element_type=\"widget\" data-e-type=\"widget\" data-widget_type=\"heading.default\">\n\t\t\t\t<div class=\"elementor-widget-container\">\n\t\t\t\t\t<h2 class=\"elementor-heading-title elementor-size-default\">F\u00fcr die K\u00f6rperpflege<\/h2>\t\t\t\t<\/div>\n\t\t\t\t<\/div>\n\t\t\t\t<div class=\"elementor-element elementor-element-421932c elementor-widget elementor-widget-text-editor\" data-id=\"421932c\" data-element_type=\"widget\" data-e-type=\"widget\" data-widget_type=\"text-editor.default\">\n\t\t\t\t<div class=\"elementor-widget-container\">\n\t\t\t\t\t\t\t\t\t<ul>\n<li>komplette und teilweise<br \/>\nEnthaarung f\u00fcr M\u00e4nner und Frauen<\/li>\n<li>Enthaarung<\/li>\n<li>Kinn<\/li>\n<li>der Achseln<\/li>\n<li>Oberlippenenthaarung<\/li>\n<li>\u00e4sthetische Pedik\u00fcre<\/li>\n<li>Manik\u00fcre<\/li>\n<li>Make-up f\u00fcr tags\u00fcber und abends<\/li>\n<\/ul>\n\t\t\t\t\t\t\t\t<\/div>\n\t\t\t\t<\/div>\n\t\t\t\t<div class=\"elementor-element elementor-element-3da387a elementor-widget elementor-widget-button\" data-id=\"3da387a\" data-element_type=\"widget\" data-e-type=\"widget\" data-widget_type=\"button.default\">\n\t\t\t\t<div class=\"elementor-widget-container\">\n\t\t\t\t\t\t\t\t\t<div class=\"elementor-button-wrapper\">\n\t\t\t\t\t<a class=\"elementor-button elementor-button-link elementor-size-sm\" href=\"https:\/\/www.terminalpalace.it\/de\/behandlungen\/\">\n\t\t\t\t\t\t<span class=\"elementor-button-content-wrapper\">\n\t\t\t\t\t\t\t\t\t<span class=\"elementor-button-text\">Zur\u00fcck zu den Behandlungen<\/span>\n\t\t\t\t\t<\/span>\n\t\t\t\t\t<\/a>\n\t\t\t\t<\/div>\n\t\t\t\t\t\t\t\t<\/div>\n\t\t\t\t<\/div>\n\t\t\t\t<\/div>\n\t\t<div class=\"elementor-element elementor-element-d38b92c e-con-full e-flex e-con e-child\" data-id=\"d38b92c\" data-element_type=\"container\" data-e-type=\"container\" data-settings=\"{&quot;background_background&quot;:&quot;classic&quot;}\">\n\t\t\t\t<\/div>\n\t\t\t\t<\/div>\n\t\t\t\t<\/div>\n\t\t","protected":false},"excerpt":{"rendered":"<p>\u00c4sthetik F\u00fcr die K\u00f6rperpflege komplette und teilweise Enthaarung f\u00fcr M\u00e4nner und Frauen Enthaarung Kinn der Achseln Oberlippenenthaarung \u00e4sthetische Pedik\u00fcre Manik\u00fcre Make-up f\u00fcr tags\u00fcber und abends Zur\u00fcck zu den Behandlungen<\/p>\n","protected":false},"author":2,"featured_media":0,"parent":0,"menu_order":0,"comment_status":"closed","ping_status":"closed","template":"","meta":{"_acf_changed":false,"footnotes":""},"class_list":["post-1491","page","type-page","status-publish","hentry"],"acf":[],"_links":{"self":[{"href":"https:\/\/www.terminalpalace.it\/de\/wp-json\/wp\/v2\/pages\/1491","targetHints":{"allow":["GET"]}}],"collection":[{"href":"https:\/\/www.terminalpalace.it\/de\/wp-json\/wp\/v2\/pages"}],"about":[{"href":"https:\/\/www.terminalpalace.it\/de\/wp-json\/wp\/v2\/types\/page"}],"author":[{"embeddable":true,"href":"https:\/\/www.terminalpalace.it\/de\/wp-json\/wp\/v2\/users\/2"}],"replies":[{"embeddable":true,"href":"https:\/\/www.terminalpalace.it\/de\/wp-json\/wp\/v2\/comments?post=1491"}],"version-history":[{"count":3,"href":"https:\/\/www.terminalpalace.it\/de\/wp-json\/wp\/v2\/pages\/1491\/revisions"}],"predecessor-version":[{"id":6024,"href":"https:\/\/www.terminalpalace.it\/de\/wp-json\/wp\/v2\/pages\/1491\/revisions\/6024"}],"wp:attachment":[{"href":"https:\/\/www.terminalpalace.it\/de\/wp-json\/wp\/v2\/media?parent=1491"}],"curies":[{"name":"wp","href":"https:\/\/api.w.org\/{rel}","templated":true}]}}