{"id":1486,"date":"2023-11-22T09:39:51","date_gmt":"2023-11-22T08:39:51","guid":{"rendered":"http:\/\/www.terminalpalace.it\/tiefgarage\/"},"modified":"2023-12-01T11:25:14","modified_gmt":"2023-12-01T10:25:14","slug":"tiefgarage","status":"publish","type":"page","link":"https:\/\/www.terminalpalace.it\/de\/tiefgarage\/","title":{"rendered":"Tiefgarage"},"content":{"rendered":"\t\t<div data-elementor-type=\"wp-page\" data-elementor-id=\"1486\" class=\"elementor elementor-1486 elementor-773\" data-elementor-post-type=\"page\">\n\t\t\t\t<div class=\"elementor-element elementor-element-3e91f1b e-con-full e-flex e-con e-parent\" data-id=\"3e91f1b\" data-element_type=\"container\" data-e-type=\"container\">\n\t\t\t\t<div class=\"elementor-element elementor-element-caaaa4f slidertop elementor--h-position-center elementor--v-position-middle elementor-arrows-position-inside elementor-pagination-position-inside elementor-widget elementor-widget-slides\" data-id=\"caaaa4f\" data-element_type=\"widget\" data-e-type=\"widget\" data-settings=\"{&quot;navigation&quot;:&quot;both&quot;,&quot;autoplay&quot;:&quot;yes&quot;,&quot;pause_on_hover&quot;:&quot;yes&quot;,&quot;pause_on_interaction&quot;:&quot;yes&quot;,&quot;autoplay_speed&quot;:5000,&quot;infinite&quot;:&quot;yes&quot;,&quot;transition&quot;:&quot;slide&quot;,&quot;transition_speed&quot;:500}\" data-widget_type=\"slides.default\">\n\t\t\t\t<div class=\"elementor-widget-container\">\n\t\t\t\t\t\t\t\t\t<div class=\"elementor-swiper\">\n\t\t\t\t\t<div class=\"elementor-slides-wrapper elementor-main-swiper swiper\" role=\"region\" aria-roledescription=\"carousel\" aria-label=\"Slider\" dir=\"ltr\" data-animation=\"fadeInUp\">\n\t\t\t\t<div class=\"swiper-wrapper elementor-slides\">\n\t\t\t\t\t\t\t\t\t\t<div class=\"elementor-repeater-item-fe228b3 swiper-slide\" role=\"group\" aria-roledescription=\"slide\"><div class=\"swiper-slide-bg elementor-ken-burns elementor-ken-burns--in\" role=\"img\"><\/div><div class=\"swiper-slide-inner\" ><div class=\"swiper-slide-contents\"><\/div><\/div><\/div>\t\t\t\t<\/div>\n\t\t\t\t\t\t\t<\/div>\n\t\t\t\t<\/div>\n\t\t\t\t\t\t\t\t<\/div>\n\t\t\t\t<\/div>\n\t\t\t\t<\/div>\n\t\t<div class=\"elementor-element elementor-element-145de02 e-con-full e-flex e-con e-parent\" data-id=\"145de02\" data-element_type=\"container\" data-e-type=\"container\">\n\t\t<div class=\"elementor-element elementor-element-711b13b e-con-full e-flex e-con e-child\" data-id=\"711b13b\" data-element_type=\"container\" data-e-type=\"container\">\n\t\t\t\t<div class=\"elementor-element elementor-element-e16bc50 elementor-widget elementor-widget-heading\" data-id=\"e16bc50\" data-element_type=\"widget\" data-e-type=\"widget\" data-widget_type=\"heading.default\">\n\t\t\t\t<div class=\"elementor-widget-container\">\n\t\t\t\t\t<h1 class=\"elementor-heading-title elementor-size-default\">Tiefgarage<\/h1>\t\t\t\t<\/div>\n\t\t\t\t<\/div>\n\t\t\t\t<div class=\"elementor-element elementor-element-e564aae elementor-widget elementor-widget-heading\" data-id=\"e564aae\" data-element_type=\"widget\" data-e-type=\"widget\" data-widget_type=\"heading.default\">\n\t\t\t\t<div class=\"elementor-widget-container\">\n\t\t\t\t\t<h2 class=\"elementor-heading-title elementor-size-default\">hotel mit tiefgarage in Rimini: luxus und komfort<\/h2>\t\t\t\t<\/div>\n\t\t\t\t<\/div>\n\t\t\t\t<div class=\"elementor-element elementor-element-ec373fd elementor-widget elementor-widget-text-editor\" data-id=\"ec373fd\" data-element_type=\"widget\" data-e-type=\"widget\" data-widget_type=\"text-editor.default\">\n\t\t\t\t<div class=\"elementor-widget-container\">\n\t\t\t\t\t\t\t\t\t<p>Das exklusive 4-Sterne-Hotel in Miramare bietet seinen G\u00e4sten die M\u00f6glichkeit, eine gro\u00dfe Tiefgarage zu nutzen.<\/p>\n\t\t\t\t\t\t\t\t<\/div>\n\t\t\t\t<\/div>\n\t\t\t\t<\/div>\n\t\t<div class=\"elementor-element elementor-element-1e0d3a2 e-con-full e-flex e-con e-child\" data-id=\"1e0d3a2\" data-element_type=\"container\" data-e-type=\"container\" data-settings=\"{&quot;background_background&quot;:&quot;classic&quot;}\">\n\t\t\t\t<\/div>\n\t\t<div class=\"elementor-element elementor-element-6996db3 e-con-full e-flex e-con e-child\" data-id=\"6996db3\" data-element_type=\"container\" data-e-type=\"container\">\n\t\t\t\t<div class=\"elementor-element elementor-element-44c5be6 elementor-widget elementor-widget-text-editor\" data-id=\"44c5be6\" data-element_type=\"widget\" data-e-type=\"widget\" data-widget_type=\"text-editor.default\">\n\t\t\t\t<div class=\"elementor-widget-container\">\n\t\t\t\t\t\t\t\t\t<p>Der bequeme<strong>\u00a0Garagenservice<\/strong>\u00a0(begrenzte Pl\u00e4tze nach Reservierung gegen Geb\u00fchr verf\u00fcgbar) erm\u00f6glicht den Urlaubern in Rimini, die angesagtesten Bereiche der Strandpromenade Riminis auch in der Hochsaison direkt mit dem eigenen Auto zu erreichen und ist\u00a0<strong>perfekt f\u00fcr diejenigen, die sich auf Gesch\u00e4ftsreise befinden\u00a0<\/strong>und sich t\u00e4glich mit dem Auto fortbewegen m\u00fcssen, um zu Terminen und Gesch\u00e4ftstreffen zu fahren<\/p>\n\t\t\t\t\t\t\t\t<\/div>\n\t\t\t\t<\/div>\n\t\t\t\t<div class=\"elementor-element elementor-element-ebe8f37 elementor-widget elementor-widget-button\" data-id=\"ebe8f37\" data-element_type=\"widget\" data-e-type=\"widget\" data-widget_type=\"button.default\">\n\t\t\t\t<div class=\"elementor-widget-container\">\n\t\t\t\t\t\t\t\t\t<div class=\"elementor-button-wrapper\">\n\t\t\t\t\t<a class=\"elementor-button elementor-button-link elementor-size-sm\" href=\"https:\/\/www.terminalpalace.it\/richiesta-informazioni\/\">\n\t\t\t\t\t\t<span class=\"elementor-button-content-wrapper\">\n\t\t\t\t\t\t\t\t\t<span class=\"elementor-button-text\">Fordern Sie ein kostenloses Angebot an<\/span>\n\t\t\t\t\t<\/span>\n\t\t\t\t\t<\/a>\n\t\t\t\t<\/div>\n\t\t\t\t\t\t\t\t<\/div>\n\t\t\t\t<\/div>\n\t\t\t\t<\/div>\n\t\t\t\t<\/div>\n\t\t<div class=\"elementor-element elementor-element-6f3dac3 e-con-full e-flex e-con e-parent\" data-id=\"6f3dac3\" data-element_type=\"container\" data-e-type=\"container\">\n\t\t\t\t<div class=\"elementor-element elementor-element-8696157 elementor-widget elementor-widget-template\" data-id=\"8696157\" data-element_type=\"widget\" data-e-type=\"widget\" data-widget_type=\"template.default\">\n\t\t\t\t<div class=\"elementor-widget-container\">\n\t\t\t\t\t\t\t<div class=\"elementor-template\">\n\t\t\t\t\t<div data-elementor-type=\"container\" data-elementor-id=\"1356\" class=\"elementor elementor-1356 elementor-983\" data-elementor-post-type=\"elementor_library\">\n\t\t\t\t<div class=\"elementor-element elementor-element-bf925e0 nooffers e-flex e-con-boxed e-con e-parent\" data-id=\"bf925e0\" data-element_type=\"container\" data-e-type=\"container\">\n\t\t\t\t\t<div class=\"e-con-inner\">\n\t\t\t\t<div class=\"elementor-element elementor-element-d3f0244 elementor-widget elementor-widget-heading\" data-id=\"d3f0244\" data-element_type=\"widget\" data-e-type=\"widget\" data-widget_type=\"heading.default\">\n\t\t\t\t<div class=\"elementor-widget-container\">\n\t\t\t\t\t<h3 class=\"elementor-heading-title elementor-size-default\">Momentan sind keine Angebote verf\u00fcgbar!<\/h3>\t\t\t\t<\/div>\n\t\t\t\t<\/div>\n\t\t\t\t<div class=\"elementor-element elementor-element-1f9d011 elementor-widget elementor-widget-heading\" data-id=\"1f9d011\" data-element_type=\"widget\" data-e-type=\"widget\" data-widget_type=\"heading.default\">\n\t\t\t\t<div class=\"elementor-widget-container\">\n\t\t\t\t\t<h4 class=\"elementor-heading-title elementor-size-default\">Kontaktiere uns direkt, um Promotionen und Angebote f\u00fcr dich zu entdecken.<\/h4>\t\t\t\t<\/div>\n\t\t\t\t<\/div>\n\t\t\t\t<div class=\"elementor-element elementor-element-060d84e elementor-widget elementor-widget-heading\" data-id=\"060d84e\" data-element_type=\"widget\" data-e-type=\"widget\" data-widget_type=\"heading.default\">\n\t\t\t\t<div class=\"elementor-widget-container\">\n\t\t\t\t\t<h4 class=\"elementor-heading-title elementor-size-default\"><a href=\"https:\/\/www.terminalpalace.it\/richiesta-informazioni\/\">Informationen anfordern<\/a><\/h4>\t\t\t\t<\/div>\n\t\t\t\t<\/div>\n\t\t\t\t\t<\/div>\n\t\t\t\t<\/div>\n\t\t<div class=\"elementor-element elementor-element-6a16494 FASCIAOLM e-flex e-con-boxed e-con e-parent\" data-id=\"6a16494\" data-element_type=\"container\" data-e-type=\"container\">\n\t\t\t\t\t<div class=\"e-con-inner\">\n\t\t\t\t<div class=\"elementor-element elementor-element-610bd4c elementor-widget elementor-widget-heading\" data-id=\"610bd4c\" data-element_type=\"widget\" data-e-type=\"widget\" data-widget_type=\"heading.default\">\n\t\t\t\t<div class=\"elementor-widget-container\">\n\t\t\t\t\t<h3 class=\"elementor-heading-title elementor-size-default\">Sonderangebote<\/h3>\t\t\t\t<\/div>\n\t\t\t\t<\/div>\n\t\t\t\t<div class=\"elementor-element elementor-element-5c6a03e elementor-arrows-position-inside elementor-widget elementor-widget-loop-carousel\" data-id=\"5c6a03e\" data-element_type=\"widget\" data-e-type=\"widget\" data-settings=\"{&quot;template_id&quot;:1370,&quot;autoplay_speed&quot;:2500,&quot;_skin&quot;:&quot;post&quot;,&quot;slides_to_show&quot;:&quot;3&quot;,&quot;slides_to_show_laptop&quot;:&quot;3&quot;,&quot;slides_to_show_tablet&quot;:&quot;2&quot;,&quot;slides_to_show_mobile&quot;:&quot;1&quot;,&quot;slides_to_scroll&quot;:&quot;1&quot;,&quot;edit_handle_selector&quot;:&quot;.elementor-widget-container&quot;,&quot;autoplay&quot;:&quot;yes&quot;,&quot;pause_on_interaction&quot;:&quot;yes&quot;,&quot;infinite&quot;:&quot;yes&quot;,&quot;speed&quot;:500,&quot;offset_sides&quot;:&quot;none&quot;,&quot;arrows&quot;:&quot;yes&quot;,&quot;image_spacing_custom&quot;:{&quot;unit&quot;:&quot;px&quot;,&quot;size&quot;:10,&quot;sizes&quot;:[]},&quot;image_spacing_custom_laptop&quot;:{&quot;unit&quot;:&quot;px&quot;,&quot;size&quot;:&quot;&quot;,&quot;sizes&quot;:[]},&quot;image_spacing_custom_tablet&quot;:{&quot;unit&quot;:&quot;px&quot;,&quot;size&quot;:&quot;&quot;,&quot;sizes&quot;:[]},&quot;image_spacing_custom_mobile&quot;:{&quot;unit&quot;:&quot;px&quot;,&quot;size&quot;:&quot;&quot;,&quot;sizes&quot;:[]}}\" data-widget_type=\"loop-carousel.post\">\n\t\t\t\t<div class=\"elementor-widget-container\">\n\t\t\t\t\t\t\t<div class=\"swiper elementor-loop-container elementor-grid\" dir=\"ltr\">\n\t\t\t\t<div class=\"swiper-wrapper\" aria-live=\"off\">\n\t\t<style id=\"loop-dynamic-1370\">.e-loop-item-1600 .elementor-element.elementor-element-4c332897:not(.elementor-motion-effects-element-type-background), .e-loop-item-1600 .elementor-element.elementor-element-4c332897 > .elementor-motion-effects-container > .elementor-motion-effects-layer{background-image:url(\"https:\/\/www.terminalpalace.it\/wp-content\/uploads\/2024\/02\/15047778089f6cacbf7419ee3d32a959d5a4e86a68.jpeg\");}<\/style><style id=\"loop-1370\">.elementor-1370 .elementor-element.elementor-element-4c332897{--display:flex;--min-height:450px;--flex-direction:row;--container-widget-width:calc( ( 1 - var( --container-widget-flex-grow ) ) * 100% );--container-widget-height:100%;--container-widget-flex-grow:1;--container-widget-align-self:stretch;--flex-wrap-mobile:wrap;--justify-content:center;--align-items:center;--gap:10px 10px;--row-gap:10px;--column-gap:10px;--overflow:hidden;--background-transition:1.1s;--border-radius:10px 10px 10px 10px;--margin-top:0px;--margin-bottom:0px;--margin-left:0px;--margin-right:0px;--padding-top:0px;--padding-bottom:0px;--padding-left:0px;--padding-right:0px;}.elementor-1370 .elementor-element.elementor-element-4c332897:not(.elementor-motion-effects-element-type-background), .elementor-1370 .elementor-element.elementor-element-4c332897 > .elementor-motion-effects-container > .elementor-motion-effects-layer{background-position:center center;background-size:cover;}.elementor-1370 .elementor-element.elementor-element-78e00fcf{--display:flex;--justify-content:center;--gap:3px 3px;--row-gap:3px;--column-gap:3px;--overlay-opacity:0.5;--border-radius:10px 10px 10px 10px;--margin-top:50px;--margin-bottom:50px;--margin-left:50px;--margin-right:50px;--padding-top:20px;--padding-bottom:20px;--padding-left:20px;--padding-right:20px;}.elementor-1370 .elementor-element.elementor-element-78e00fcf:not(.elementor-motion-effects-element-type-background), .elementor-1370 .elementor-element.elementor-element-78e00fcf > .elementor-motion-effects-container > .elementor-motion-effects-layer{background-color:#6E21316E;}.elementor-1370 .elementor-element.elementor-element-78e00fcf::before, .elementor-1370 .elementor-element.elementor-element-78e00fcf > .elementor-background-video-container::before, .elementor-1370 .elementor-element.elementor-element-78e00fcf > .e-con-inner > .elementor-background-video-container::before, .elementor-1370 .elementor-element.elementor-element-78e00fcf > .elementor-background-slideshow::before, .elementor-1370 .elementor-element.elementor-element-78e00fcf > .e-con-inner > .elementor-background-slideshow::before, .elementor-1370 .elementor-element.elementor-element-78e00fcf > .elementor-motion-effects-container > .elementor-motion-effects-layer::before{--background-overlay:'';background-color:#000000;}.elementor-1370 .elementor-element.elementor-element-2962d820{--display:flex;--flex-direction:row;--container-widget-width:calc( ( 1 - var( --container-widget-flex-grow ) ) * 100% );--container-widget-height:100%;--container-widget-flex-grow:1;--container-widget-align-self:stretch;--flex-wrap-mobile:wrap;--justify-content:flex-end;--align-items:center;--gap:10px 10px;--row-gap:10px;--column-gap:10px;}.elementor-1370 .elementor-element.elementor-element-39cf2f78{text-align:center;font-size:14px;font-weight:700;}.elementor-1370 .elementor-element.elementor-element-b2b9a1a .elementor-drop-cap{margin-inline-end:10px;}.elementor-1370 .elementor-element.elementor-element-72fc4c0f .elementor-drop-cap{margin-inline-end:10px;}.elementor-1370 .elementor-element.elementor-element-5a4919b .elementor-drop-cap{margin-inline-end:10px;}.elementor-1370 .elementor-element.elementor-element-5f573c2a .elementor-drop-cap{margin-inline-end:10px;}.elementor-1370 .elementor-element.elementor-element-d94fd04{text-align:end;}.elementor-1370 .elementor-element.elementor-element-d94fd04 .elementor-heading-title{font-size:25px;letter-spacing:0px;color:var( --e-global-color-64a0021 );}.elementor-1370 .elementor-element.elementor-element-616689db{text-align:end;}.elementor-1370 .elementor-element.elementor-element-616689db .elementor-heading-title{font-size:14px;font-weight:400;line-height:1.1em;letter-spacing:0.1px;color:var( --e-global-color-64a0021 );}.elementor-1370 .elementor-element.elementor-element-616689db > .elementor-widget-container{margin:0px 0px 0px 0px;}.elementor-1370 .elementor-element.elementor-element-a67124b{text-align:end;font-family:\"Montserrat\", Sans-serif;font-size:12px;font-weight:300;color:var( --e-global-color-64a0021 );width:auto;max-width:auto;}.elementor-1370 .elementor-element.elementor-element-a67124b > .elementor-widget-container{margin:10px 10px 10px 10px;padding:0px 0px 0px 0px;}.elementor-1370 .elementor-element.elementor-element-27c1cd6{--spacer-size:4px;}.elementor-1370 .elementor-element.elementor-element-24451e3a .elementor-button{font-size:14px;font-weight:700;letter-spacing:0px;padding:12px 20px 12px 20px;}@media(max-width:1366px){.elementor-1370 .elementor-element.elementor-element-78e00fcf{--margin-top:40px;--margin-bottom:40px;--margin-left:40px;--margin-right:40px;}}@media(max-width:1024px){.elementor-1370 .elementor-element.elementor-element-4c332897{--min-height:450px;}.elementor-1370 .elementor-element.elementor-element-78e00fcf{--margin-top:30px;--margin-bottom:30px;--margin-left:30px;--margin-right:30px;}.elementor-1370 .elementor-element.elementor-element-a67124b > .elementor-widget-container{margin:10px 0px 10px 0px;}}@media(max-width:767px){.elementor-1370 .elementor-element.elementor-element-4c332897{--min-height:400px;--margin-top:0px;--margin-bottom:0px;--margin-left:0px;--margin-right:0px;}.elementor-1370 .elementor-element.elementor-element-78e00fcf{--width:100%;--min-height:0px;--align-items:center;--container-widget-width:calc( ( 1 - var( --container-widget-flex-grow ) ) * 100% );--margin-top:30px;--margin-bottom:30px;--margin-left:30px;--margin-right:30px;--padding-top:20px;--padding-bottom:20px;--padding-left:20px;--padding-right:20px;}.elementor-1370 .elementor-element.elementor-element-d94fd04{text-align:center;}.elementor-1370 .elementor-element.elementor-element-616689db{text-align:center;}.elementor-1370 .elementor-element.elementor-element-a67124b{text-align:center;}.elementor-1370 .elementor-element.elementor-element-a67124b > .elementor-widget-container{margin:10px 0px 10px 0px;}}@media(min-width:768px){.elementor-1370 .elementor-element.elementor-element-4c332897{--width:100%;}.elementor-1370 .elementor-element.elementor-element-78e00fcf{--width:70%;}}\/* Start custom CSS for text-editor, class: .elementor-element-39cf2f78 *\/.elementor-1370 .elementor-element.elementor-element-39cf2f78{\n    display:none;\n}\/* End custom CSS *\/\n\/* Start custom CSS for container, class: .elementor-element-2962d820 *\/.elementor-1370 .elementor-element.elementor-element-2962d820{\n    display:none;\n}\/* End custom CSS *\/\n\/* Start custom CSS for text-editor, class: .elementor-element-a67124b *\/.elementor-1370 .elementor-element.elementor-element-a67124b{\n    line-height: 1;\n    z-index: 10;\n}\n.linea2{\n    font-size:150%;\n    line-height: 1;\n    font-weight: 600;\n}\n.linea4{\n    font-size:14px;\ntext-decoration: line-through;\n}\/* End custom CSS *\/\n\/* Start custom CSS for container, class: .elementor-element-78e00fcf *\/.elementor-1370 .elementor-element.elementor-element-78e00fcf{\n            -webkit-backdrop-filter: blur(3px);\n    backdrop-filter: blur(3px);\n}\/* End custom CSS *\/\n\/* Start custom CSS for container, class: .elementor-element-4c332897 *\/.elementor-1370 .elementor-element.elementor-element-4c332897{\n    box-sizing: border-box!important;\n\n}\n.elementor-1370 .elementor-element.elementor-element-4c332897:hover{\n    box-shadow:0 0 10px #000;\n    z-index:2;\n}\/* End custom CSS *\/<\/style>\t\t<div data-elementor-type=\"loop-item\" data-elementor-id=\"1370\" class=\"elementor elementor-1370 elementor-155 swiper-slide e-loop-item e-loop-item-1600 post-1600 offerte-speciali type-offerte-speciali status-publish format-standard has-post-thumbnail hentry\" data-elementor-post-type=\"elementor_library\" role=\"group\" aria-roledescription=\"slide\" data-custom-edit-handle=\"1\">\n\t\t\t<div class=\"elementor-element elementor-element-4c332897 scheda-offerta e-con-full e-flex e-con e-parent\" data-id=\"4c332897\" data-element_type=\"container\" data-e-type=\"container\" data-settings=\"{&quot;background_background&quot;:&quot;classic&quot;}\">\n\t\t<div class=\"elementor-element elementor-element-78e00fcf e-con-full e-flex e-con e-child\" data-id=\"78e00fcf\" data-element_type=\"container\" data-e-type=\"container\" data-settings=\"{&quot;background_background&quot;:&quot;classic&quot;,&quot;animation&quot;:&quot;none&quot;}\">\n\t\t<div class=\"elementor-element elementor-element-2962d820 e-con-full e-flex e-con e-child\" data-id=\"2962d820\" data-element_type=\"container\" data-e-type=\"container\">\n\t\t\t\t<div class=\"elementor-element elementor-element-39cf2f78 rvautore elementor-widget elementor-widget-text-editor\" data-id=\"39cf2f78\" data-element_type=\"widget\" data-e-type=\"widget\" data-widget_type=\"text-editor.default\">\n\t\t\t\t<div class=\"elementor-widget-container\">\n\t\t\t\t\t\t\t\t\t<span class=\"datainizio\">01\/02\/2024<\/span>\r\n&#8211; <span class=\"datafine\">31\/05\/2026<\/span>\t\t\t\t\t\t\t\t<\/div>\n\t\t\t\t<\/div>\n\t\t\t\t<div class=\"elementor-element elementor-element-5a4919b elementor-drop-cap-yes autore elementor-drop-cap-view-default elementor-widget elementor-widget-text-editor\" data-id=\"5a4919b\" data-element_type=\"widget\" data-e-type=\"widget\" data-settings=\"{&quot;drop_cap&quot;:&quot;yes&quot;}\" data-widget_type=\"text-editor.default\">\n\t\t\t\t<div class=\"elementor-widget-container\">\n\t\t\t\t\t\t\t\t\tNetwork Service\t\t\t\t\t\t\t\t<\/div>\n\t\t\t\t<\/div>\n\t\t\t\t<div class=\"elementor-element elementor-element-5f573c2a elementor-drop-cap-yes datainserimento elementor-drop-cap-view-default elementor-widget elementor-widget-text-editor\" data-id=\"5f573c2a\" data-element_type=\"widget\" data-e-type=\"widget\" data-settings=\"{&quot;drop_cap&quot;:&quot;yes&quot;}\" data-widget_type=\"text-editor.default\">\n\t\t\t\t<div class=\"elementor-widget-container\">\n\t\t\t\t\t\t\t\t\t01\/02\/2024\t\t\t\t\t\t\t\t<\/div>\n\t\t\t\t<\/div>\n\t\t\t\t<\/div>\n\t\t\t\t<div class=\"elementor-element elementor-element-d94fd04 elementor-widget elementor-widget-heading\" data-id=\"d94fd04\" data-element_type=\"widget\" data-e-type=\"widget\" data-widget_type=\"heading.default\">\n\t\t\t\t<div class=\"elementor-widget-container\">\n\t\t\t\t\t<h3 class=\"elementor-heading-title elementor-size-default\">Romantischer Aufenthalt Rimini<\/h3>\t\t\t\t<\/div>\n\t\t\t\t<\/div>\n\t\t\t\t<div class=\"elementor-element elementor-element-616689db elementor-widget elementor-widget-heading\" data-id=\"616689db\" data-element_type=\"widget\" data-e-type=\"widget\" data-widget_type=\"heading.default\">\n\t\t\t\t<div class=\"elementor-widget-container\">\n\t\t\t\t\t<div class=\"elementor-heading-title elementor-size-default\">Ihr Traum von Liebe in einem Hotel mit SPA und beheiztem Pool<\/div>\t\t\t\t<\/div>\n\t\t\t\t<\/div>\n\t\t\t\t<div class=\"elementor-element elementor-element-a67124b elementor-widget__width-auto dc-has-condition dc-condition-empty elementor-widget elementor-widget-text-editor\" data-id=\"a67124b\" data-element_type=\"widget\" data-e-type=\"widget\" data-widget_type=\"text-editor.default\">\n\t\t\t\t<div class=\"elementor-widget-container\">\n\t\t\t\t\t\t\t\t\t<div class=\"linea1\">Ausgehend von<\/div>\n<div class=\"linea2\">180,00 \u20ac<\/div>\n<div class=\"linea3\">pro Paket <\/div>\n<div class=\"linea4\"><\/div>\n\t\t\t\t\t\t\t\t<\/div>\n\t\t\t\t<\/div>\n\t\t\t\t<div class=\"elementor-element elementor-element-27c1cd6 elementor-widget elementor-widget-spacer\" data-id=\"27c1cd6\" data-element_type=\"widget\" data-e-type=\"widget\" data-widget_type=\"spacer.default\">\n\t\t\t\t<div class=\"elementor-widget-container\">\n\t\t\t\t\t\t\t<div class=\"elementor-spacer\">\n\t\t\t<div class=\"elementor-spacer-inner\"><\/div>\n\t\t<\/div>\n\t\t\t\t\t\t<\/div>\n\t\t\t\t<\/div>\n\t\t\t\t<div data-tp-sc-link=\"https:\/\/www.terminalpalace.it\/de\/offerte-speciali\/romantischer-aufenthalt-fur-paare-in-rimini\/\" data-tp-sc-link-external=\"\" style=\"cursor: pointer\" class=\"elementor-element elementor-element-24451e3a elementor-align-right elementor-mobile-align-center elementor-widget elementor-widget-button\" data-id=\"24451e3a\" data-element_type=\"widget\" data-e-type=\"widget\" data-widget_type=\"button.default\">\n\t\t\t\t<div class=\"elementor-widget-container\">\n\t\t\t\t\t\t\t\t\t<div class=\"elementor-button-wrapper\">\n\t\t\t\t\t<a class=\"elementor-button elementor-button-link elementor-size-sm\" href=\"https:\/\/www.terminalpalace.it\/de\/offerte-speciali\/romantischer-aufenthalt-fur-paare-in-rimini\/\">\n\t\t\t\t\t\t<span class=\"elementor-button-content-wrapper\">\n\t\t\t\t\t\t\t\t\t<span class=\"elementor-button-text\">Jetzt entdecken<\/span>\n\t\t\t\t\t<\/span>\n\t\t\t\t\t<\/a>\n\t\t\t\t<\/div>\n\t\t\t\t\t\t\t\t<\/div>\n\t\t\t\t<\/div>\n\t\t\t\t<\/div>\n\t\t\t\t<\/div>\n\t\t\t\t<\/div>\n\t\t\t\t<\/div>\n\t\t<\/div>\n\t\t\t\t\t<div class=\"elementor-swiper-button elementor-swiper-button-prev\" role=\"button\" tabindex=\"0\" aria-label=\"Voriger\">\n\t\t\t\t<svg xmlns=\"http:\/\/www.w3.org\/2000\/svg\" height=\"16\" width=\"10\" viewBox=\"0 0 320 512\"><path d=\"M18.3 250.3c-3.1 3.1-3.1 8.2 0 11.3l216 216c3.1 3.1 8.2 3.1 11.3 0s3.1-8.2 0-11.3L35.3 256 245.7 45.7c3.1-3.1 3.1-8.2 0-11.3s-8.2-3.1-11.3 0l-216 216z\"><\/path><\/svg>\t\t\t<\/div>\n\t\t\t<div class=\"elementor-swiper-button elementor-swiper-button-next\" role=\"button\" tabindex=\"0\" aria-label=\"N\u00e4chster\">\n\t\t\t\t<svg xmlns=\"http:\/\/www.w3.org\/2000\/svg\" height=\"16\" width=\"10\" viewBox=\"0 0 320 512\"><path d=\"M301.7 250.3c3.1 3.1 3.1 8.2 0 11.3l-216 216c-3.1 3.1-8.2 3.1-11.3 0s-3.1-8.2 0-11.3L284.7 256 74.3 45.7c-3.1-3.1-3.1-8.2 0-11.3s8.2-3.1 11.3 0l216 216z\"><\/path><\/svg>\t\t\t<\/div>\n\t\t\t\t\t\t<\/div>\n\t\t\t\t<\/div>\n\t\t\t\t<div class=\"elementor-element elementor-element-66a618d elementor-widget elementor-widget-heading\" data-id=\"66a618d\" data-element_type=\"widget\" data-e-type=\"widget\" data-widget_type=\"heading.default\">\n\t\t\t\t<div class=\"elementor-widget-container\">\n\t\t\t\t\t<h4 class=\"elementor-heading-title elementor-size-default\"><a href=\"https:\/\/www.terminalpalace.it\/de\/sonderangebote\/\">Visualizza tutte le Offerte presenti!<\/a><\/h4>\t\t\t\t<\/div>\n\t\t\t\t<\/div>\n\t\t\t\t\t<\/div>\n\t\t\t\t<\/div>\n\t\t\t\t<\/div>\n\t\t\t\t<\/div>\n\t\t\t\t\t\t<\/div>\n\t\t\t\t<\/div>\n\t\t\t\t<\/div>\n\t\t\t\t<\/div>\n\t\t","protected":false},"excerpt":{"rendered":"<p>Tiefgarage hotel mit tiefgarage in Rimini: luxus und komfort Das exklusive 4-Sterne-Hotel in Miramare bietet seinen G\u00e4sten die M\u00f6glichkeit, eine gro\u00dfe Tiefgarage zu nutzen. Der bequeme\u00a0Garagenservice\u00a0(begrenzte Pl\u00e4tze nach Reservierung gegen Geb\u00fchr verf\u00fcgbar) erm\u00f6glicht den Urlaubern in Rimini, die angesagtesten Bereiche der Strandpromenade Riminis auch in der Hochsaison direkt mit dem eigenen Auto zu erreichen und [&hellip;]<\/p>\n","protected":false},"author":2,"featured_media":0,"parent":0,"menu_order":0,"comment_status":"closed","ping_status":"closed","template":"","meta":{"_acf_changed":false,"footnotes":""},"class_list":["post-1486","page","type-page","status-publish","hentry"],"acf":[],"_links":{"self":[{"href":"https:\/\/www.terminalpalace.it\/de\/wp-json\/wp\/v2\/pages\/1486","targetHints":{"allow":["GET"]}}],"collection":[{"href":"https:\/\/www.terminalpalace.it\/de\/wp-json\/wp\/v2\/pages"}],"about":[{"href":"https:\/\/www.terminalpalace.it\/de\/wp-json\/wp\/v2\/types\/page"}],"author":[{"embeddable":true,"href":"https:\/\/www.terminalpalace.it\/de\/wp-json\/wp\/v2\/users\/2"}],"replies":[{"embeddable":true,"href":"https:\/\/www.terminalpalace.it\/de\/wp-json\/wp\/v2\/comments?post=1486"}],"version-history":[{"count":1,"href":"https:\/\/www.terminalpalace.it\/de\/wp-json\/wp\/v2\/pages\/1486\/revisions"}],"predecessor-version":[{"id":1487,"href":"https:\/\/www.terminalpalace.it\/de\/wp-json\/wp\/v2\/pages\/1486\/revisions\/1487"}],"wp:attachment":[{"href":"https:\/\/www.terminalpalace.it\/de\/wp-json\/wp\/v2\/media?parent=1486"}],"curies":[{"name":"wp","href":"https:\/\/api.w.org\/{rel}","templated":true}]}}